{"id":753,"date":"2019-11-07T03:23:04","date_gmt":"2019-11-07T03:23:04","guid":{"rendered":"http:\/\/wpdemo.archiwp.com\/onum\/?page_id=753"},"modified":"2024-05-02T13:31:12","modified_gmt":"2024-05-02T10:31:12","slug":"hakkimizda","status":"publish","type":"page","link":"https:\/\/ykbdemo.com.tr\/forklift\/hakkimizda\/","title":{"rendered":"Hakk\u0131m\u0131zda"},"content":{"rendered":"\t\t<div data-elementor-type=\"wp-page\" data-elementor-id=\"753\" class=\"elementor elementor-753\">\n\t\t\t\t\t\t<section data-color=\"#fe4c1c,#00c3ff,#0160e7\" class=\"elementor-section elementor-top-section elementor-element elementor-element-9048153 elementor-section-content-middle particles-js elementor-section-boxed elementor-section-height-default elementor-section-height-default\" data-id=\"9048153\" data-element_type=\"section\" data-settings=\"{&quot;background_background&quot;:&quot;classic&quot;}\">\n\t\t\t\t\t\t<div class=\"elementor-container elementor-column-gap-extended\">\n\t\t\t\t\t<div class=\"elementor-column elementor-col-50 elementor-top-column elementor-element elementor-element-fbf7ea8 ot-flex-column-vertical\" data-id=\"fbf7ea8\" data-element_type=\"column\">\n\t\t\t<div class=\"elementor-widget-wrap elementor-element-populated\">\n\t\t\t\t\t\t<div class=\"elementor-element elementor-element-5cc4026 elementor-widget elementor-widget-image\" data-id=\"5cc4026\" data-element_type=\"widget\" data-widget_type=\"image.default\">\n\t\t\t\t<div class=\"elementor-widget-container\">\n\t\t\t<style>\/*! elementor - v3.21.0 - 15-04-2024 *\/\n.elementor-widget-image{text-align:center}.elementor-widget-image a{display:inline-block}.elementor-widget-image a img[src$=\".svg\"]{width:48px}.elementor-widget-image img{vertical-align:middle;display:inline-block}<\/style>\t\t\t\t\t\t\t\t\t\t<img fetchpriority=\"high\" decoding=\"async\" width=\"1500\" height=\"1500\" src=\"https:\/\/ykbdemo.com.tr\/forklift\/wp-content\/uploads\/2024\/04\/ceylan-hakkimizda.jpg\" class=\"attachment-full size-full wp-image-4987\" alt=\"\" srcset=\"https:\/\/ykbdemo.com.tr\/forklift\/wp-content\/uploads\/2024\/04\/ceylan-hakkimizda.jpg 1500w, https:\/\/ykbdemo.com.tr\/forklift\/wp-content\/uploads\/2024\/04\/ceylan-hakkimizda-300x300.jpg 300w, https:\/\/ykbdemo.com.tr\/forklift\/wp-content\/uploads\/2024\/04\/ceylan-hakkimizda-1024x1024.jpg 1024w, https:\/\/ykbdemo.com.tr\/forklift\/wp-content\/uploads\/2024\/04\/ceylan-hakkimizda-150x150.jpg 150w, https:\/\/ykbdemo.com.tr\/forklift\/wp-content\/uploads\/2024\/04\/ceylan-hakkimizda-768x768.jpg 768w, https:\/\/ykbdemo.com.tr\/forklift\/wp-content\/uploads\/2024\/04\/ceylan-hakkimizda-760x760.jpg 760w\" sizes=\"(max-width: 1500px) 100vw, 1500px\" \/>\t\t\t\t\t\t\t\t\t\t\t\t\t<\/div>\n\t\t\t\t<\/div>\n\t\t\t\t\t<\/div>\n\t\t<\/div>\n\t\t\t\t<div class=\"elementor-column elementor-col-50 elementor-top-column elementor-element elementor-element-86d6084 ot-flex-column-vertical\" data-id=\"86d6084\" data-element_type=\"column\">\n\t\t\t<div class=\"elementor-widget-wrap elementor-element-populated\">\n\t\t\t\t\t\t<div class=\"elementor-element elementor-element-e0855c7 elementor-widget elementor-widget-iheading\" data-id=\"e0855c7\" data-element_type=\"widget\" data-widget_type=\"iheading.default\">\n\t\t\t\t<div class=\"elementor-widget-container\">\n\t\t\t\t\t<div class=\"ot-heading left-align\">\r\n\t\t\t\r\n\t\t\t\t\r\n\r\n\t        \t            <h6 class=\"sub-heading\"><span>Bizi tan\u0131y\u0131n<\/span><\/h6>\r\n\t         \r\n\r\n\t        \t        \t<h2 class=\"main-heading\">Ceylan Forklift'e Ho\u015f Geldiniz!<\/h2>\r\n\t        \t    <\/div>\r\n\t    \t\t<\/div>\n\t\t\t\t<\/div>\n\t\t\t\t<div class=\"elementor-element elementor-element-f5300d2 elementor-widget elementor-widget-text-editor\" data-id=\"f5300d2\" data-element_type=\"widget\" data-widget_type=\"text-editor.default\">\n\t\t\t\t<div class=\"elementor-widget-container\">\n\t\t\t<style>\/*! elementor - v3.21.0 - 15-04-2024 *\/\n.elementor-widget-text-editor.elementor-drop-cap-view-stacked .elementor-drop-cap{background-color:#69727d;color:#fff}.elementor-widget-text-editor.elementor-drop-cap-view-framed .elementor-drop-cap{color:#69727d;border:3px solid;background-color:transparent}.elementor-widget-text-editor:not(.elementor-drop-cap-view-default) .elementor-drop-cap{margin-top:8px}.elementor-widget-text-editor:not(.elementor-drop-cap-view-default) .elementor-drop-cap-letter{width:1em;height:1em}.elementor-widget-text-editor .elementor-drop-cap{float:left;text-align:center;line-height:1;font-size:50px}.elementor-widget-text-editor .elementor-drop-cap-letter{display:inline-block}<\/style>\t\t\t\t<p><em>\u015eirketimiz Kayseri&#8217;de en b\u00fcy\u00fck Forklift \u00a0Filosuna sahiptir, 10\u00a0larca kiral\u0131k dizel ve ak\u00fcl\u00fc forklift bulunmatad\u0131r. \u00a0Forklift sekt\u00f6r\u00fcnde kiralama hizmeti veren lider firmad\u0131r.<\/em><\/p><p><em>\u015eirketimiz 2005 y\u0131l\u0131nda Kayseri de kurulmu\u015f olup bug\u00fcn her t\u00fcrl\u00fc Forklift , Ak\u00fcl\u00fc Makasl\u0131 Platform , ve Mobil Vin\u00e7 kiralama hizmetlerinin hepsini bir arada sunan Kayseri&#8217;nin ilk ve tek firmas\u0131d\u0131r.<\/em><\/p><p><em>Sekt\u00f6r\u00fcn h\u0131zla b\u00fcy\u00fcyen tecr\u00fcbesiyle konusunda \u00f6nc\u00fc bir kurulu\u015ftur.<\/em><\/p>\t\t\t\t\t\t<\/div>\n\t\t\t\t<\/div>\n\t\t\t\t<div class=\"elementor-element elementor-element-2460266 elementor-widget elementor-widget-ibutton\" data-id=\"2460266\" data-element_type=\"widget\" data-widget_type=\"ibutton.default\">\n\t\t\t\t<div class=\"elementor-widget-container\">\n\t\t\t\t\t<div class=\"ot-button\">\r\n\t\t\t<a href=\"https:\/\/ykbdemo.com.tr\/forklift\/iletisim\/\" class=\"octf-btn octf-btn-primary octf-btn-icon\"><span>Bize Ula\u015f\u0131n <i class=\"flaticon-right-arrow-1\"><\/i><\/span> \r\n\t\t\t\t\t\t\t<\/a>\r\n\t    <\/div>\r\n\t    \t\t<\/div>\n\t\t\t\t<\/div>\n\t\t\t\t\t<\/div>\n\t\t<\/div>\n\t\t\t\t\t<\/div>\n\t\t<\/section>\n\t\t\t\t<section data-color=\"#fe4c1c,#00c3ff,#0160e7\" class=\"elementor-section elementor-top-section elementor-element elementor-element-29fd5a1 elementor-section-content-middle particles-js elementor-section-boxed elementor-section-height-default elementor-section-height-default\" data-id=\"29fd5a1\" data-element_type=\"section\" data-settings=\"{&quot;background_background&quot;:&quot;classic&quot;}\">\n\t\t\t\t\t\t<div class=\"elementor-container elementor-column-gap-extended\">\n\t\t\t\t\t<div class=\"elementor-column elementor-col-100 elementor-top-column elementor-element elementor-element-00d438a ot-flex-column-vertical\" data-id=\"00d438a\" data-element_type=\"column\">\n\t\t\t<div class=\"elementor-widget-wrap elementor-element-populated\">\n\t\t\t\t\t\t<div class=\"elementor-element elementor-element-bb2e7ac elementor-widget elementor-widget-text-editor\" data-id=\"bb2e7ac\" data-element_type=\"widget\" data-widget_type=\"text-editor.default\">\n\t\t\t\t<div class=\"elementor-widget-container\">\n\t\t\t\t\t\t\t<p><strong>FAAL\u0130YET ALANLARIMIZ:<\/strong><\/p><p><em><u>F\u0130LO FORKL\u0130FT K\u0130RALAMA OPERAT\u00d6RS\u00dcZ VE OPERAT\u00d6RL\u00dc:\u00a0<\/u>1,8 ton 2ton 3ton 3,5ton\u00a05 ton 7 ton 10\u00a0ton\u2019a Dizel,Ak\u00fcl\u00fc Filo Kiralama ister 1 g\u00fcn ister 1 hafata 1 ay 1 y\u0131l 3 y\u0131l 5 y\u0131l siz nekar isterseniz<br \/><u>PALET BAZINDA FORKL\u0130FT K\u0130RALAMA:<\/u>\u00a0Fabrika ta\u015f\u0131ma,a\u011f\u0131r makina yerle\u015ftirme,palet indime,y\u00fckleme<br \/><u>MAKASLI PLATFORM K\u0130RALAMA:<\/u>\u00a08m 10m 12m 14m 17m ye kadar kendinden y\u00fcr\u00fcy\u00fc\u015fl\u00fc ak\u00fcl\u00fc makasl\u0131 platform kiralama. 2023 MODEL MAK\u0130NALAR<br \/><u>EKLEML\u0130 AHTAPOT PLATFORM K\u0130RALAMA:<\/u>16m 18m ye\u00a0kadar y\u00fckselebilen arazi forklifti kiralama 2023 VE 2024 MODEL MAK\u0130NALAR<br \/><u>ARAZ\u0130 PLATFORMMU 4X4:\u00a0<\/u>14m arazi platformu\u00a0 toprak zeminde \u00e7al\u0131\u015fan personel y\u00fckseltici makasl\u0131 platform 2024 MODEL MAK\u0130NALAR<br \/><u>MOB\u0130L V\u0130N\u00c7 K\u0130RALAMA :<\/u>\u00a038 Ton 40m kapasiteli \u00c7ift K\u0131rma 6+4 S\u0131f\u0131r Vin\u00e7 kiralama. 20 ton 27 m 6+3 s\u0131f\u0131r vin\u00e7 kiralama<\/em><\/p><p><em>Sekt\u00f6r\u00fcn H\u0131zla B\u00fcy\u00fcyen , Kald\u0131rma Ekipmanlar\u0131 Kiralama Hizmetinin hepsini Bir Arada veren Kayserinin \u0130lk ve Tek Firmas\u0131d\u0131r.<\/em><br \/>\u00a0<\/p><p>Firmam\u0131z CEYLAN Vin\u00e7 kendi sekt\u00f6r\u00fcnde en iyi olabilmek, en g\u00fczel hizmeti zaman\u0131nda ve g\u00fcvenli bir \u015fekilde verebilmek i\u00e7in \u00e7\u0131kt\u0131\u011f\u0131 bu yolda siz de\u011ferli m\u00fc\u015fterilerine her t\u00fcrl\u00fc y\u00fckleme bo\u015faltma, montaj demontaj, makina montaj demontaj ve nakliyesi, sepetli vin\u00e7 hizmeti, konteyn\u0131r ta\u015f\u0131mac\u0131l\u0131\u011f\u0131, her t\u00fcrl\u00fc reklam afi\u015f totem montaj\u0131, direk trafo montaj\u0131, oto kurtarma \u00e7ekme\u00a0 ta\u015f\u0131ma hizmeti gibi hizmetleri size uygun ko\u015ful ve \u015fartlarda g\u00fcn\u00fcn her saatinde 7\/24 kesintisiz olarak vermenin onuru bilincindedir.<\/p><p>Ayl\u0131k, g\u00fcnl\u00fck, saatlik vin\u00e7 ve sepetli vin\u00e7 kiralama hizmetlerini size en kolay ve en cazip fiyatlarla sunman\u0131n kolayl\u0131\u011f\u0131n\u0131her zaman kendine ilke edinmi\u015f firmam\u0131z CEYLAN Vin\u00e7 size art\u0131k bir telefon kadar yak\u0131n.<\/p><p>16\u00a0y\u0131ll\u0131k tecr\u00fcbesini en emniyetli \u015fekilde g\u00fcven ve tecr\u00fcbe birle\u015fiminde size hizmet olarak sunmak ve daima g\u00fclery\u00fcz ile m\u00fc\u015fterilerini memnun etmek firmam\u0131z\u0131n olmazsa olmaz kesin kurallar\u0131ndand\u0131r.<\/p><p>Art\u0131k vin\u00e7 kiralamak, yolda kalmak size sorun olmas\u0131n. B\u0131rak\u0131n bu sorunu biz \u00e7\u00f6zelim ve ortadan kalkan sorunlar\u0131n\u0131z\u0131 size hizmet olarak geri verelim; \u00e7\u00fcnk\u00fc &#8216;Siz demek biz demek; Biz demek hizmet demek&#8230;&#8217;<\/p><p>&#8216;G\u00fcn\u00fcn her saatinde her t\u00fcrl\u00fc zor ko\u015fullarda her an yan\u0131n\u0131zday\u0131z.&#8217;<\/p><p>\u00a0<\/p><section class=\"portfolio-page page-section-ptb pb-0\"><div class=\"container\"><div class=\"row no-gutter\"><div class=\"col-sm-12\"><div class=\"popup-gallery columns-3\">\u00a0<\/div><\/div><\/div><\/div><\/section>\t\t\t\t\t\t<\/div>\n\t\t\t\t<\/div>\n\t\t\t\t\t<\/div>\n\t\t<\/div>\n\t\t\t\t\t<\/div>\n\t\t<\/section>\n\t\t\t\t<\/div>\n\t\t","protected":false},"excerpt":{"rendered":"<p>Bizi tan\u0131y\u0131n Ceylan Forklift&#8217;e Ho\u015f Geldiniz! \u015eirketimiz Kayseri&#8217;de en b\u00fcy\u00fck Forklift \u00a0Filosuna sahiptir, 10\u00a0larca kiral\u0131k dizel ve ak\u00fcl\u00fc forklift bulunmatad\u0131r. \u00a0Forklift sekt\u00f6r\u00fcnde kiralama hizmeti veren lider firmad\u0131r. \u015eirketimiz 2005 y\u0131l\u0131nda Kayseri de kurulmu\u015f olup bug\u00fcn her t\u00fcrl\u00fc Forklift , Ak\u00fcl\u00fc Makasl\u0131 Platform , ve Mobil Vin\u00e7 kiralama hizmetlerinin hepsini bir arada sunan Kayseri&#8217;nin ilk ve [&hellip;]<\/p>\n","protected":false},"author":1,"featured_media":0,"parent":0,"menu_order":0,"comment_status":"closed","ping_status":"closed","template":"","meta":{"_joinchat":[],"footnotes":""},"class_list":["post-753","page","type-page","status-publish","hentry"],"_links":{"self":[{"href":"https:\/\/ykbdemo.com.tr\/forklift\/wp-json\/wp\/v2\/pages\/753","targetHints":{"allow":["GET"]}}],"collection":[{"href":"https:\/\/ykbdemo.com.tr\/forklift\/wp-json\/wp\/v2\/pages"}],"about":[{"href":"https:\/\/ykbdemo.com.tr\/forklift\/wp-json\/wp\/v2\/types\/page"}],"author":[{"embeddable":true,"href":"https:\/\/ykbdemo.com.tr\/forklift\/wp-json\/wp\/v2\/users\/1"}],"replies":[{"embeddable":true,"href":"https:\/\/ykbdemo.com.tr\/forklift\/wp-json\/wp\/v2\/comments?post=753"}],"version-history":[{"count":25,"href":"https:\/\/ykbdemo.com.tr\/forklift\/wp-json\/wp\/v2\/pages\/753\/revisions"}],"predecessor-version":[{"id":5134,"href":"https:\/\/ykbdemo.com.tr\/forklift\/wp-json\/wp\/v2\/pages\/753\/revisions\/5134"}],"wp:attachment":[{"href":"https:\/\/ykbdemo.com.tr\/forklift\/wp-json\/wp\/v2\/media?parent=753"}],"curies":[{"name":"wp","href":"https:\/\/api.w.org\/{rel}","templated":true}]}}