{"id":571,"date":"2019-11-04T09:26:33","date_gmt":"2019-11-04T09:26:33","guid":{"rendered":"http:\/\/wpdemo.archiwp.com\/onum\/?page_id=571"},"modified":"2024-05-02T15:32:14","modified_gmt":"2024-05-02T12:32:14","slug":"forklift-kiralama","status":"publish","type":"page","link":"https:\/\/ykbdemo.com.tr\/forklift\/hizmetlerimiz\/forklift-kiralama\/","title":{"rendered":"Forklift Kiralama"},"content":{"rendered":"\t\t<div data-elementor-type=\"wp-page\" data-elementor-id=\"571\" class=\"elementor elementor-571\">\n\t\t\t\t\t\t<section class=\"elementor-section elementor-top-section elementor-element elementor-element-0400064 elementor-section-content-middle elementor-section-boxed elementor-section-height-default elementor-section-height-default\" data-id=\"0400064\" data-element_type=\"section\">\n\t\t\t\t\t\t<div class=\"elementor-container elementor-column-gap-extended\">\n\t\t\t\t\t<div class=\"elementor-column elementor-col-50 elementor-top-column elementor-element elementor-element-47db07c ot-flex-column-vertical\" data-id=\"47db07c\" data-element_type=\"column\">\n\t\t\t<div class=\"elementor-widget-wrap elementor-element-populated\">\n\t\t\t\t\t\t<div class=\"elementor-element elementor-element-3e671d3 elementor-widget elementor-widget-image\" data-id=\"3e671d3\" data-element_type=\"widget\" data-widget_type=\"image.default\">\n\t\t\t\t<div class=\"elementor-widget-container\">\n\t\t\t<style>\/*! elementor - v3.21.0 - 15-04-2024 *\/\n.elementor-widget-image{text-align:center}.elementor-widget-image a{display:inline-block}.elementor-widget-image a img[src$=\".svg\"]{width:48px}.elementor-widget-image img{vertical-align:middle;display:inline-block}<\/style>\t\t\t\t\t\t\t\t\t\t<img fetchpriority=\"high\" decoding=\"async\" width=\"1024\" height=\"768\" src=\"https:\/\/ykbdemo.com.tr\/forklift\/wp-content\/uploads\/2024\/04\/forklift-kiralama.jpg\" class=\"attachment-full size-full wp-image-4991\" alt=\"\" srcset=\"https:\/\/ykbdemo.com.tr\/forklift\/wp-content\/uploads\/2024\/04\/forklift-kiralama.jpg 1024w, https:\/\/ykbdemo.com.tr\/forklift\/wp-content\/uploads\/2024\/04\/forklift-kiralama-300x225.jpg 300w, https:\/\/ykbdemo.com.tr\/forklift\/wp-content\/uploads\/2024\/04\/forklift-kiralama-768x576.jpg 768w\" sizes=\"(max-width: 1024px) 100vw, 1024px\" \/>\t\t\t\t\t\t\t\t\t\t\t\t\t<\/div>\n\t\t\t\t<\/div>\n\t\t\t\t\t<\/div>\n\t\t<\/div>\n\t\t\t\t<div class=\"elementor-column elementor-col-50 elementor-top-column elementor-element elementor-element-6175314 ot-flex-column-vertical\" data-id=\"6175314\" data-element_type=\"column\">\n\t\t\t<div class=\"elementor-widget-wrap elementor-element-populated\">\n\t\t\t\t\t\t<div class=\"elementor-element elementor-element-49a9d06 elementor-widget elementor-widget-iheading\" data-id=\"49a9d06\" data-element_type=\"widget\" data-widget_type=\"iheading.default\">\n\t\t\t\t<div class=\"elementor-widget-container\">\n\t\t\t\t\t<div class=\"ot-heading left-align\">\r\n\t\t\t\r\n\t\t\t\t\r\n\r\n\t        \t            <h6 class=\"sub-heading\"><span>Ceylan Forklift & Platform & Vin\u00e7<\/span><\/h6>\r\n\t         \r\n\r\n\t        \t        \t<h2 class=\"main-heading\">Forklift Kiralama<\/h2>\r\n\t        \t    <\/div>\r\n\t    \t\t<\/div>\n\t\t\t\t<\/div>\n\t\t\t\t<div class=\"elementor-element elementor-element-cb8e416 elementor-widget elementor-widget-text-editor\" data-id=\"cb8e416\" data-element_type=\"widget\" data-widget_type=\"text-editor.default\">\n\t\t\t\t<div class=\"elementor-widget-container\">\n\t\t\t<style>\/*! elementor - v3.21.0 - 15-04-2024 *\/\n.elementor-widget-text-editor.elementor-drop-cap-view-stacked .elementor-drop-cap{background-color:#69727d;color:#fff}.elementor-widget-text-editor.elementor-drop-cap-view-framed .elementor-drop-cap{color:#69727d;border:3px solid;background-color:transparent}.elementor-widget-text-editor:not(.elementor-drop-cap-view-default) .elementor-drop-cap{margin-top:8px}.elementor-widget-text-editor:not(.elementor-drop-cap-view-default) .elementor-drop-cap-letter{width:1em;height:1em}.elementor-widget-text-editor .elementor-drop-cap{float:left;text-align:center;line-height:1;font-size:50px}.elementor-widget-text-editor .elementor-drop-cap-letter{display:inline-block}<\/style>\t\t\t\t<p>OPERAT\u00d6RS\u00dcZ K\u0130RALAMA<br \/>G\u00dcNL\u00dcK ,HAFTALIK,<br \/>AYLIK,YILLIK<br \/>\u015eARZLI.AK\u00dcL\u00dc,VE D\u0130ZEL<br \/>\u0130STER 2 TONLUK \u0130STERSEN\u0130Z 7 TONLUK<br \/>ANINDA SERV\u0130S H\u0130ZMET\u0130 B\u00dcT\u00dcN ARIZASI B\u0130ZE A\u0130T\u00a0<br \/>OTO KURTARICI \u0130LE HERYERE NAKL\u0130YE H\u0130ZMET\u0130<\/p>\t\t\t\t\t\t<\/div>\n\t\t\t\t<\/div>\n\t\t\t\t\t<\/div>\n\t\t<\/div>\n\t\t\t\t\t<\/div>\n\t\t<\/section>\n\t\t\t\t<section class=\"elementor-section elementor-top-section elementor-element elementor-element-db7070c elementor-section-content-middle elementor-section-boxed elementor-section-height-default elementor-section-height-default\" data-id=\"db7070c\" data-element_type=\"section\">\n\t\t\t\t\t\t<div class=\"elementor-container elementor-column-gap-extended\">\n\t\t\t\t\t<div class=\"elementor-column elementor-col-100 elementor-top-column elementor-element elementor-element-cd65337 ot-flex-column-vertical\" data-id=\"cd65337\" data-element_type=\"column\">\n\t\t\t<div class=\"elementor-widget-wrap elementor-element-populated\">\n\t\t\t\t\t\t<div class=\"elementor-element elementor-element-2174bbb elementor-widget elementor-widget-image-gallery\" data-id=\"2174bbb\" data-element_type=\"widget\" data-widget_type=\"image-gallery.default\">\n\t\t\t\t<div class=\"elementor-widget-container\">\n\t\t\t<style>\/*! elementor - v3.21.0 - 15-04-2024 *\/\n.elementor-image-gallery .gallery-item{display:inline-block;text-align:center;vertical-align:top;width:100%;max-width:100%;margin:0 auto}.elementor-image-gallery .gallery-item img{margin:0 auto}.elementor-image-gallery .gallery-item .gallery-caption{margin:0}.elementor-image-gallery figure img{display:block}.elementor-image-gallery figure figcaption{width:100%}.gallery-spacing-custom .elementor-image-gallery .gallery-icon{padding:0}@media (min-width:768px){.elementor-image-gallery .gallery-columns-2 .gallery-item{max-width:50%}.elementor-image-gallery .gallery-columns-3 .gallery-item{max-width:33.33%}.elementor-image-gallery .gallery-columns-4 .gallery-item{max-width:25%}.elementor-image-gallery .gallery-columns-5 .gallery-item{max-width:20%}.elementor-image-gallery .gallery-columns-6 .gallery-item{max-width:16.666%}.elementor-image-gallery .gallery-columns-7 .gallery-item{max-width:14.28%}.elementor-image-gallery .gallery-columns-8 .gallery-item{max-width:12.5%}.elementor-image-gallery .gallery-columns-9 .gallery-item{max-width:11.11%}.elementor-image-gallery .gallery-columns-10 .gallery-item{max-width:10%}}@media (min-width:480px) and (max-width:767px){.elementor-image-gallery .gallery.gallery-columns-2 .gallery-item,.elementor-image-gallery .gallery.gallery-columns-3 .gallery-item,.elementor-image-gallery .gallery.gallery-columns-4 .gallery-item,.elementor-image-gallery .gallery.gallery-columns-5 .gallery-item,.elementor-image-gallery .gallery.gallery-columns-6 .gallery-item,.elementor-image-gallery .gallery.gallery-columns-7 .gallery-item,.elementor-image-gallery .gallery.gallery-columns-8 .gallery-item,.elementor-image-gallery .gallery.gallery-columns-9 .gallery-item,.elementor-image-gallery .gallery.gallery-columns-10 .gallery-item{max-width:50%}}@media (max-width:479px){.elementor-image-gallery .gallery.gallery-columns-2 .gallery-item,.elementor-image-gallery .gallery.gallery-columns-3 .gallery-item,.elementor-image-gallery .gallery.gallery-columns-4 .gallery-item,.elementor-image-gallery .gallery.gallery-columns-5 .gallery-item,.elementor-image-gallery .gallery.gallery-columns-6 .gallery-item,.elementor-image-gallery .gallery.gallery-columns-7 .gallery-item,.elementor-image-gallery .gallery.gallery-columns-8 .gallery-item,.elementor-image-gallery .gallery.gallery-columns-9 .gallery-item,.elementor-image-gallery .gallery.gallery-columns-10 .gallery-item{max-width:100%}}<\/style>\t\t<div class=\"elementor-image-gallery\">\n\t\t\t<div id='gallery-1' class='gallery galleryid-571 gallery-columns-4 gallery-size-onum-slide-portfolio-thumbnail-2'><figure class='gallery-item'>\n\t\t\t<div class='gallery-icon portrait'>\n\t\t\t\t<a data-elementor-open-lightbox=\"yes\" data-elementor-lightbox-slideshow=\"2174bbb\" data-elementor-lightbox-title=\"1\" data-e-action-hash=\"#elementor-action%3Aaction%3Dlightbox%26settings%3DeyJpZCI6NDcwNCwidXJsIjoiaHR0cHM6XC9cL3lrYmRlbW8uY29tLnRyXC9mb3JrbGlmdFwvd3AtY29udGVudFwvdXBsb2Fkc1wvMjAyNFwvMDNcLzEuanBlZyIsInNsaWRlc2hvdyI6IjIxNzRiYmIifQ%3D%3D\" href='https:\/\/ykbdemo.com.tr\/forklift\/wp-content\/uploads\/2024\/03\/1.jpeg'><img decoding=\"async\" width=\"600\" height=\"680\" src=\"https:\/\/ykbdemo.com.tr\/forklift\/wp-content\/uploads\/2024\/03\/1-600x680.jpeg\" class=\"attachment-onum-slide-portfolio-thumbnail-2 size-onum-slide-portfolio-thumbnail-2\" alt=\"\" \/><\/a>\n\t\t\t<\/div><\/figure><figure class='gallery-item'>\n\t\t\t<div class='gallery-icon portrait'>\n\t\t\t\t<a data-elementor-open-lightbox=\"yes\" data-elementor-lightbox-slideshow=\"2174bbb\" data-elementor-lightbox-title=\"3\" data-e-action-hash=\"#elementor-action%3Aaction%3Dlightbox%26settings%3DeyJpZCI6NDcwNiwidXJsIjoiaHR0cHM6XC9cL3lrYmRlbW8uY29tLnRyXC9mb3JrbGlmdFwvd3AtY29udGVudFwvdXBsb2Fkc1wvMjAyNFwvMDNcLzMuanBlZyIsInNsaWRlc2hvdyI6IjIxNzRiYmIifQ%3D%3D\" href='https:\/\/ykbdemo.com.tr\/forklift\/wp-content\/uploads\/2024\/03\/3.jpeg'><img decoding=\"async\" width=\"600\" height=\"680\" src=\"https:\/\/ykbdemo.com.tr\/forklift\/wp-content\/uploads\/2024\/03\/3-600x680.jpeg\" class=\"attachment-onum-slide-portfolio-thumbnail-2 size-onum-slide-portfolio-thumbnail-2\" alt=\"\" \/><\/a>\n\t\t\t<\/div><\/figure><figure class='gallery-item'>\n\t\t\t<div class='gallery-icon portrait'>\n\t\t\t\t<a data-elementor-open-lightbox=\"yes\" data-elementor-lightbox-slideshow=\"2174bbb\" data-elementor-lightbox-title=\"4\" data-e-action-hash=\"#elementor-action%3Aaction%3Dlightbox%26settings%3DeyJpZCI6NDcwNywidXJsIjoiaHR0cHM6XC9cL3lrYmRlbW8uY29tLnRyXC9mb3JrbGlmdFwvd3AtY29udGVudFwvdXBsb2Fkc1wvMjAyNFwvMDNcLzQuanBlZyIsInNsaWRlc2hvdyI6IjIxNzRiYmIifQ%3D%3D\" href='https:\/\/ykbdemo.com.tr\/forklift\/wp-content\/uploads\/2024\/03\/4.jpeg'><img loading=\"lazy\" decoding=\"async\" width=\"600\" height=\"680\" src=\"https:\/\/ykbdemo.com.tr\/forklift\/wp-content\/uploads\/2024\/03\/4-600x680.jpeg\" class=\"attachment-onum-slide-portfolio-thumbnail-2 size-onum-slide-portfolio-thumbnail-2\" alt=\"\" \/><\/a>\n\t\t\t<\/div><\/figure><figure class='gallery-item'>\n\t\t\t<div class='gallery-icon portrait'>\n\t\t\t\t<a data-elementor-open-lightbox=\"yes\" data-elementor-lightbox-slideshow=\"2174bbb\" data-elementor-lightbox-title=\"5\" data-e-action-hash=\"#elementor-action%3Aaction%3Dlightbox%26settings%3DeyJpZCI6NDcwOCwidXJsIjoiaHR0cHM6XC9cL3lrYmRlbW8uY29tLnRyXC9mb3JrbGlmdFwvd3AtY29udGVudFwvdXBsb2Fkc1wvMjAyNFwvMDNcLzUuanBlZyIsInNsaWRlc2hvdyI6IjIxNzRiYmIifQ%3D%3D\" href='https:\/\/ykbdemo.com.tr\/forklift\/wp-content\/uploads\/2024\/03\/5.jpeg'><img loading=\"lazy\" decoding=\"async\" width=\"600\" height=\"680\" src=\"https:\/\/ykbdemo.com.tr\/forklift\/wp-content\/uploads\/2024\/03\/5-600x680.jpeg\" class=\"attachment-onum-slide-portfolio-thumbnail-2 size-onum-slide-portfolio-thumbnail-2\" alt=\"\" \/><\/a>\n\t\t\t<\/div><\/figure><figure class='gallery-item'>\n\t\t\t<div class='gallery-icon portrait'>\n\t\t\t\t<a data-elementor-open-lightbox=\"yes\" data-elementor-lightbox-slideshow=\"2174bbb\" data-elementor-lightbox-title=\"6\" data-e-action-hash=\"#elementor-action%3Aaction%3Dlightbox%26settings%3DeyJpZCI6NDcwOSwidXJsIjoiaHR0cHM6XC9cL3lrYmRlbW8uY29tLnRyXC9mb3JrbGlmdFwvd3AtY29udGVudFwvdXBsb2Fkc1wvMjAyNFwvMDNcLzYuanBlZyIsInNsaWRlc2hvdyI6IjIxNzRiYmIifQ%3D%3D\" href='https:\/\/ykbdemo.com.tr\/forklift\/wp-content\/uploads\/2024\/03\/6.jpeg'><img loading=\"lazy\" decoding=\"async\" width=\"600\" height=\"680\" src=\"https:\/\/ykbdemo.com.tr\/forklift\/wp-content\/uploads\/2024\/03\/6-600x680.jpeg\" class=\"attachment-onum-slide-portfolio-thumbnail-2 size-onum-slide-portfolio-thumbnail-2\" alt=\"\" \/><\/a>\n\t\t\t<\/div><\/figure><figure class='gallery-item'>\n\t\t\t<div class='gallery-icon portrait'>\n\t\t\t\t<a data-elementor-open-lightbox=\"yes\" data-elementor-lightbox-slideshow=\"2174bbb\" data-elementor-lightbox-title=\"8\" data-e-action-hash=\"#elementor-action%3Aaction%3Dlightbox%26settings%3DeyJpZCI6NDcxMSwidXJsIjoiaHR0cHM6XC9cL3lrYmRlbW8uY29tLnRyXC9mb3JrbGlmdFwvd3AtY29udGVudFwvdXBsb2Fkc1wvMjAyNFwvMDNcLzguanBnIiwic2xpZGVzaG93IjoiMjE3NGJiYiJ9\" href='https:\/\/ykbdemo.com.tr\/forklift\/wp-content\/uploads\/2024\/03\/8.jpg'><img loading=\"lazy\" decoding=\"async\" width=\"507\" height=\"680\" src=\"https:\/\/ykbdemo.com.tr\/forklift\/wp-content\/uploads\/2024\/03\/8-507x680.jpg\" class=\"attachment-onum-slide-portfolio-thumbnail-2 size-onum-slide-portfolio-thumbnail-2\" alt=\"\" \/><\/a>\n\t\t\t<\/div><\/figure><figure class='gallery-item'>\n\t\t\t<div class='gallery-icon portrait'>\n\t\t\t\t<a data-elementor-open-lightbox=\"yes\" data-elementor-lightbox-slideshow=\"2174bbb\" data-elementor-lightbox-title=\"9\" data-e-action-hash=\"#elementor-action%3Aaction%3Dlightbox%26settings%3DeyJpZCI6NDcxMiwidXJsIjoiaHR0cHM6XC9cL3lrYmRlbW8uY29tLnRyXC9mb3JrbGlmdFwvd3AtY29udGVudFwvdXBsb2Fkc1wvMjAyNFwvMDNcLzkuanBnIiwic2xpZGVzaG93IjoiMjE3NGJiYiJ9\" href='https:\/\/ykbdemo.com.tr\/forklift\/wp-content\/uploads\/2024\/03\/9.jpg'><img loading=\"lazy\" decoding=\"async\" width=\"507\" height=\"680\" src=\"https:\/\/ykbdemo.com.tr\/forklift\/wp-content\/uploads\/2024\/03\/9-507x680.jpg\" class=\"attachment-onum-slide-portfolio-thumbnail-2 size-onum-slide-portfolio-thumbnail-2\" alt=\"\" \/><\/a>\n\t\t\t<\/div><\/figure><figure class='gallery-item'>\n\t\t\t<div class='gallery-icon portrait'>\n\t\t\t\t<a data-elementor-open-lightbox=\"yes\" data-elementor-lightbox-slideshow=\"2174bbb\" data-elementor-lightbox-title=\"13\" data-e-action-hash=\"#elementor-action%3Aaction%3Dlightbox%26settings%3DeyJpZCI6NDcxNiwidXJsIjoiaHR0cHM6XC9cL3lrYmRlbW8uY29tLnRyXC9mb3JrbGlmdFwvd3AtY29udGVudFwvdXBsb2Fkc1wvMjAyNFwvMDNcLzEzLmpwZyIsInNsaWRlc2hvdyI6IjIxNzRiYmIifQ%3D%3D\" href='https:\/\/ykbdemo.com.tr\/forklift\/wp-content\/uploads\/2024\/03\/13.jpg'><img loading=\"lazy\" decoding=\"async\" width=\"600\" height=\"680\" src=\"https:\/\/ykbdemo.com.tr\/forklift\/wp-content\/uploads\/2024\/03\/13-600x680.jpg\" class=\"attachment-onum-slide-portfolio-thumbnail-2 size-onum-slide-portfolio-thumbnail-2\" alt=\"\" \/><\/a>\n\t\t\t<\/div><\/figure><figure class='gallery-item'>\n\t\t\t<div class='gallery-icon portrait'>\n\t\t\t\t<a data-elementor-open-lightbox=\"yes\" data-elementor-lightbox-slideshow=\"2174bbb\" data-elementor-lightbox-title=\"14\" data-e-action-hash=\"#elementor-action%3Aaction%3Dlightbox%26settings%3DeyJpZCI6NDcxNywidXJsIjoiaHR0cHM6XC9cL3lrYmRlbW8uY29tLnRyXC9mb3JrbGlmdFwvd3AtY29udGVudFwvdXBsb2Fkc1wvMjAyNFwvMDNcLzE0LmpwZyIsInNsaWRlc2hvdyI6IjIxNzRiYmIifQ%3D%3D\" href='https:\/\/ykbdemo.com.tr\/forklift\/wp-content\/uploads\/2024\/03\/14.jpg'><img loading=\"lazy\" decoding=\"async\" width=\"600\" height=\"680\" src=\"https:\/\/ykbdemo.com.tr\/forklift\/wp-content\/uploads\/2024\/03\/14-600x680.jpg\" class=\"attachment-onum-slide-portfolio-thumbnail-2 size-onum-slide-portfolio-thumbnail-2\" alt=\"\" \/><\/a>\n\t\t\t<\/div><\/figure><figure class='gallery-item'>\n\t\t\t<div class='gallery-icon landscape'>\n\t\t\t\t<a data-elementor-open-lightbox=\"yes\" data-elementor-lightbox-slideshow=\"2174bbb\" data-elementor-lightbox-title=\"15\" data-e-action-hash=\"#elementor-action%3Aaction%3Dlightbox%26settings%3DeyJpZCI6NDcxOCwidXJsIjoiaHR0cHM6XC9cL3lrYmRlbW8uY29tLnRyXC9mb3JrbGlmdFwvd3AtY29udGVudFwvdXBsb2Fkc1wvMjAyNFwvMDNcLzE1LmpwZyIsInNsaWRlc2hvdyI6IjIxNzRiYmIifQ%3D%3D\" href='https:\/\/ykbdemo.com.tr\/forklift\/wp-content\/uploads\/2024\/03\/15.jpg'><img loading=\"lazy\" decoding=\"async\" width=\"600\" height=\"680\" src=\"https:\/\/ykbdemo.com.tr\/forklift\/wp-content\/uploads\/2024\/03\/15-600x680.jpg\" class=\"attachment-onum-slide-portfolio-thumbnail-2 size-onum-slide-portfolio-thumbnail-2\" alt=\"\" \/><\/a>\n\t\t\t<\/div><\/figure><figure class='gallery-item'>\n\t\t\t<div class='gallery-icon landscape'>\n\t\t\t\t<a data-elementor-open-lightbox=\"yes\" data-elementor-lightbox-slideshow=\"2174bbb\" data-elementor-lightbox-title=\"16\" data-e-action-hash=\"#elementor-action%3Aaction%3Dlightbox%26settings%3DeyJpZCI6NDcxOSwidXJsIjoiaHR0cHM6XC9cL3lrYmRlbW8uY29tLnRyXC9mb3JrbGlmdFwvd3AtY29udGVudFwvdXBsb2Fkc1wvMjAyNFwvMDNcLzE2LmpwZyIsInNsaWRlc2hvdyI6IjIxNzRiYmIifQ%3D%3D\" href='https:\/\/ykbdemo.com.tr\/forklift\/wp-content\/uploads\/2024\/03\/16.jpg'><img loading=\"lazy\" decoding=\"async\" width=\"600\" height=\"680\" src=\"https:\/\/ykbdemo.com.tr\/forklift\/wp-content\/uploads\/2024\/03\/16-600x680.jpg\" class=\"attachment-onum-slide-portfolio-thumbnail-2 size-onum-slide-portfolio-thumbnail-2\" alt=\"\" \/><\/a>\n\t\t\t<\/div><\/figure><figure class='gallery-item'>\n\t\t\t<div class='gallery-icon portrait'>\n\t\t\t\t<a data-elementor-open-lightbox=\"yes\" data-elementor-lightbox-slideshow=\"2174bbb\" data-elementor-lightbox-title=\"17\" data-e-action-hash=\"#elementor-action%3Aaction%3Dlightbox%26settings%3DeyJpZCI6NDcyMCwidXJsIjoiaHR0cHM6XC9cL3lrYmRlbW8uY29tLnRyXC9mb3JrbGlmdFwvd3AtY29udGVudFwvdXBsb2Fkc1wvMjAyNFwvMDNcLzE3LmpwZyIsInNsaWRlc2hvdyI6IjIxNzRiYmIifQ%3D%3D\" href='https:\/\/ykbdemo.com.tr\/forklift\/wp-content\/uploads\/2024\/03\/17.jpg'><img loading=\"lazy\" decoding=\"async\" width=\"600\" height=\"680\" src=\"https:\/\/ykbdemo.com.tr\/forklift\/wp-content\/uploads\/2024\/03\/17-600x680.jpg\" class=\"attachment-onum-slide-portfolio-thumbnail-2 size-onum-slide-portfolio-thumbnail-2\" alt=\"\" \/><\/a>\n\t\t\t<\/div><\/figure><figure class='gallery-item'>\n\t\t\t<div class='gallery-icon landscape'>\n\t\t\t\t<a data-elementor-open-lightbox=\"yes\" data-elementor-lightbox-slideshow=\"2174bbb\" data-elementor-lightbox-title=\"18\" data-e-action-hash=\"#elementor-action%3Aaction%3Dlightbox%26settings%3DeyJpZCI6NDcyMSwidXJsIjoiaHR0cHM6XC9cL3lrYmRlbW8uY29tLnRyXC9mb3JrbGlmdFwvd3AtY29udGVudFwvdXBsb2Fkc1wvMjAyNFwvMDNcLzE4LmpwZyIsInNsaWRlc2hvdyI6IjIxNzRiYmIifQ%3D%3D\" href='https:\/\/ykbdemo.com.tr\/forklift\/wp-content\/uploads\/2024\/03\/18.jpg'><img loading=\"lazy\" decoding=\"async\" width=\"600\" height=\"680\" src=\"https:\/\/ykbdemo.com.tr\/forklift\/wp-content\/uploads\/2024\/03\/18-600x680.jpg\" class=\"attachment-onum-slide-portfolio-thumbnail-2 size-onum-slide-portfolio-thumbnail-2\" alt=\"\" \/><\/a>\n\t\t\t<\/div><\/figure><figure class='gallery-item'>\n\t\t\t<div class='gallery-icon portrait'>\n\t\t\t\t<a data-elementor-open-lightbox=\"yes\" data-elementor-lightbox-slideshow=\"2174bbb\" data-elementor-lightbox-title=\"19\" data-e-action-hash=\"#elementor-action%3Aaction%3Dlightbox%26settings%3DeyJpZCI6NDcyMiwidXJsIjoiaHR0cHM6XC9cL3lrYmRlbW8uY29tLnRyXC9mb3JrbGlmdFwvd3AtY29udGVudFwvdXBsb2Fkc1wvMjAyNFwvMDNcLzE5LmpwZyIsInNsaWRlc2hvdyI6IjIxNzRiYmIifQ%3D%3D\" href='https:\/\/ykbdemo.com.tr\/forklift\/wp-content\/uploads\/2024\/03\/19.jpg'><img loading=\"lazy\" decoding=\"async\" width=\"600\" height=\"680\" src=\"https:\/\/ykbdemo.com.tr\/forklift\/wp-content\/uploads\/2024\/03\/19-600x680.jpg\" class=\"attachment-onum-slide-portfolio-thumbnail-2 size-onum-slide-portfolio-thumbnail-2\" alt=\"\" \/><\/a>\n\t\t\t<\/div><\/figure><figure class='gallery-item'>\n\t\t\t<div class='gallery-icon portrait'>\n\t\t\t\t<a data-elementor-open-lightbox=\"yes\" data-elementor-lightbox-slideshow=\"2174bbb\" data-elementor-lightbox-title=\"20\" data-e-action-hash=\"#elementor-action%3Aaction%3Dlightbox%26settings%3DeyJpZCI6NDcyMywidXJsIjoiaHR0cHM6XC9cL3lrYmRlbW8uY29tLnRyXC9mb3JrbGlmdFwvd3AtY29udGVudFwvdXBsb2Fkc1wvMjAyNFwvMDNcLzIwLmpwZyIsInNsaWRlc2hvdyI6IjIxNzRiYmIifQ%3D%3D\" href='https:\/\/ykbdemo.com.tr\/forklift\/wp-content\/uploads\/2024\/03\/20.jpg'><img loading=\"lazy\" decoding=\"async\" width=\"600\" height=\"680\" src=\"https:\/\/ykbdemo.com.tr\/forklift\/wp-content\/uploads\/2024\/03\/20-600x680.jpg\" class=\"attachment-onum-slide-portfolio-thumbnail-2 size-onum-slide-portfolio-thumbnail-2\" alt=\"\" \/><\/a>\n\t\t\t<\/div><\/figure>\n\t\t<\/div>\n\t\t<\/div>\n\t\t\t\t<\/div>\n\t\t\t\t<\/div>\n\t\t\t\t\t<\/div>\n\t\t<\/div>\n\t\t\t\t\t<\/div>\n\t\t<\/section>\n\t\t\t\t<\/div>\n\t\t","protected":false},"excerpt":{"rendered":"<p>Ceylan Forklift &#038; Platform &#038; Vin\u00e7 Forklift Kiralama OPERAT\u00d6RS\u00dcZ K\u0130RALAMAG\u00dcNL\u00dcK ,HAFTALIK,AYLIK,YILLIK\u015eARZLI.AK\u00dcL\u00dc,VE D\u0130ZEL\u0130STER 2 TONLUK \u0130STERSEN\u0130Z 7 TONLUKANINDA SERV\u0130S H\u0130ZMET\u0130 B\u00dcT\u00dcN ARIZASI B\u0130ZE A\u0130T\u00a0OTO KURTARICI \u0130LE HERYERE NAKL\u0130YE H\u0130ZMET\u0130<\/p>\n","protected":false},"author":1,"featured_media":0,"parent":2593,"menu_order":0,"comment_status":"closed","ping_status":"closed","template":"","meta":{"_joinchat":[],"footnotes":""},"class_list":["post-571","page","type-page","status-publish","hentry"],"_links":{"self":[{"href":"https:\/\/ykbdemo.com.tr\/forklift\/wp-json\/wp\/v2\/pages\/571","targetHints":{"allow":["GET"]}}],"collection":[{"href":"https:\/\/ykbdemo.com.tr\/forklift\/wp-json\/wp\/v2\/pages"}],"about":[{"href":"https:\/\/ykbdemo.com.tr\/forklift\/wp-json\/wp\/v2\/types\/page"}],"author":[{"embeddable":true,"href":"https:\/\/ykbdemo.com.tr\/forklift\/wp-json\/wp\/v2\/users\/1"}],"replies":[{"embeddable":true,"href":"https:\/\/ykbdemo.com.tr\/forklift\/wp-json\/wp\/v2\/comments?post=571"}],"version-history":[{"count":22,"href":"https:\/\/ykbdemo.com.tr\/forklift\/wp-json\/wp\/v2\/pages\/571\/revisions"}],"predecessor-version":[{"id":5263,"href":"https:\/\/ykbdemo.com.tr\/forklift\/wp-json\/wp\/v2\/pages\/571\/revisions\/5263"}],"up":[{"embeddable":true,"href":"https:\/\/ykbdemo.com.tr\/forklift\/wp-json\/wp\/v2\/pages\/2593"}],"wp:attachment":[{"href":"https:\/\/ykbdemo.com.tr\/forklift\/wp-json\/wp\/v2\/media?parent=571"}],"curies":[{"name":"wp","href":"https:\/\/api.w.org\/{rel}","templated":true}]}}