{"id":4959,"date":"2024-04-03T10:20:10","date_gmt":"2024-04-03T07:20:10","guid":{"rendered":"https:\/\/ykbdemo.com.tr\/forklift\/?page_id=4959"},"modified":"2024-05-02T13:37:20","modified_gmt":"2024-05-02T10:37:20","slug":"teklif-al","status":"publish","type":"page","link":"https:\/\/ykbdemo.com.tr\/forklift\/teklif-al\/","title":{"rendered":"Teklif Al"},"content":{"rendered":"\t\t<div data-elementor-type=\"wp-page\" data-elementor-id=\"4959\" class=\"elementor elementor-4959\">\n\t\t\t\t<div class=\"elementor-element elementor-element-61e361b e-flex e-con-boxed e-con e-parent\" data-id=\"61e361b\" data-element_type=\"container\">\n\t\t\t\t\t<div class=\"e-con-inner\">\n\t\t<div class=\"elementor-element elementor-element-a5040a5 e-con-full e-flex e-con e-child\" data-id=\"a5040a5\" data-element_type=\"container\">\n\t\t\t\t<div class=\"elementor-element elementor-element-c2f58ce elementor-widget elementor-widget-heading\" data-id=\"c2f58ce\" data-element_type=\"widget\" data-widget_type=\"heading.default\">\n\t\t\t\t<div class=\"elementor-widget-container\">\n\t\t\t<style>\/*! elementor - v3.21.0 - 15-04-2024 *\/\n.elementor-heading-title{padding:0;margin:0;line-height:1}.elementor-widget-heading .elementor-heading-title[class*=elementor-size-]>a{color:inherit;font-size:inherit;line-height:inherit}.elementor-widget-heading .elementor-heading-title.elementor-size-small{font-size:15px}.elementor-widget-heading .elementor-heading-title.elementor-size-medium{font-size:19px}.elementor-widget-heading .elementor-heading-title.elementor-size-large{font-size:29px}.elementor-widget-heading .elementor-heading-title.elementor-size-xl{font-size:39px}.elementor-widget-heading .elementor-heading-title.elementor-size-xxl{font-size:59px}<\/style><h2 class=\"elementor-heading-title elementor-size-default\">Vin\u00e7<\/h2>\t\t<\/div>\n\t\t\t\t<\/div>\n\t\t\t\t<div class=\"elementor-element elementor-element-8d77e83 elementor-widget elementor-widget-image\" data-id=\"8d77e83\" data-element_type=\"widget\" data-widget_type=\"image.default\">\n\t\t\t\t<div class=\"elementor-widget-container\">\n\t\t\t<style>\/*! elementor - v3.21.0 - 15-04-2024 *\/\n.elementor-widget-image{text-align:center}.elementor-widget-image a{display:inline-block}.elementor-widget-image a img[src$=\".svg\"]{width:48px}.elementor-widget-image img{vertical-align:middle;display:inline-block}<\/style>\t\t\t\t\t\t\t\t\t\t\t<a href=\"https:\/\/ykbdemo.com.tr\/forklift\/teklif-al\/20-tonluk-vinc-kiralama\/\">\n\t\t\t\t\t\t\t<img fetchpriority=\"high\" decoding=\"async\" width=\"1024\" height=\"614\" src=\"https:\/\/ykbdemo.com.tr\/forklift\/wp-content\/uploads\/2024\/05\/vinc-kiralama-11-1024x614.jpg\" class=\"attachment-large size-large wp-image-5166\" alt=\"\" srcset=\"https:\/\/ykbdemo.com.tr\/forklift\/wp-content\/uploads\/2024\/05\/vinc-kiralama-11-1024x614.jpg 1024w, https:\/\/ykbdemo.com.tr\/forklift\/wp-content\/uploads\/2024\/05\/vinc-kiralama-11-300x180.jpg 300w, https:\/\/ykbdemo.com.tr\/forklift\/wp-content\/uploads\/2024\/05\/vinc-kiralama-11-768x461.jpg 768w, https:\/\/ykbdemo.com.tr\/forklift\/wp-content\/uploads\/2024\/05\/vinc-kiralama-11.jpg 1250w\" sizes=\"(max-width: 1024px) 100vw, 1024px\" \/>\t\t\t\t\t\t\t\t<\/a>\n\t\t\t\t\t\t\t\t\t\t\t\t\t<\/div>\n\t\t\t\t<\/div>\n\t\t\t\t<div class=\"elementor-element elementor-element-cec1aaa elementor-widget elementor-widget-heading\" data-id=\"cec1aaa\" data-element_type=\"widget\" data-widget_type=\"heading.default\">\n\t\t\t\t<div class=\"elementor-widget-container\">\n\t\t\t<h2 class=\"elementor-heading-title elementor-size-default\"><a href=\"https:\/\/ykbdemo.com.tr\/forklift\/teklif-al\/20-tonluk-vinc-kiralama\/\">20 Tonluk Vin\u00e7 Kiralama<\/a><\/h2>\t\t<\/div>\n\t\t\t\t<\/div>\n\t\t\t\t<div class=\"elementor-element elementor-element-fc95b76 elementor-align-center elementor-widget elementor-widget-ibutton\" data-id=\"fc95b76\" data-element_type=\"widget\" data-widget_type=\"ibutton.default\">\n\t\t\t\t<div class=\"elementor-widget-container\">\n\t\t\t\t\t<div class=\"ot-button\">\r\n\t\t\t<a href=\"https:\/\/ykbdemo.com.tr\/forklift\/teklif-al\/20-tonluk-vinc-kiralama\/\" class=\"octf-btn octf-btn-primary octf-btn-icon\"><span>Teklif Al <i class=\"flaticon-right-arrow-1\"><\/i><\/span> \r\n\t\t\t\t\t\t\t<\/a>\r\n\t    <\/div>\r\n\t    \t\t<\/div>\n\t\t\t\t<\/div>\n\t\t\t\t<div class=\"elementor-element elementor-element-0e7edf2 elementor-widget elementor-widget-image\" data-id=\"0e7edf2\" data-element_type=\"widget\" data-widget_type=\"image.default\">\n\t\t\t\t<div class=\"elementor-widget-container\">\n\t\t\t\t\t\t\t\t\t\t\t\t\t\t<a href=\"https:\/\/ykbdemo.com.tr\/forklift\/teklif-al\/35-tonluk-vinc-kiralama\/\">\n\t\t\t\t\t\t\t<img fetchpriority=\"high\" decoding=\"async\" width=\"1024\" height=\"614\" src=\"https:\/\/ykbdemo.com.tr\/forklift\/wp-content\/uploads\/2024\/05\/vinc-kiralama-11-1024x614.jpg\" class=\"attachment-large size-large wp-image-5166\" alt=\"\" srcset=\"https:\/\/ykbdemo.com.tr\/forklift\/wp-content\/uploads\/2024\/05\/vinc-kiralama-11-1024x614.jpg 1024w, https:\/\/ykbdemo.com.tr\/forklift\/wp-content\/uploads\/2024\/05\/vinc-kiralama-11-300x180.jpg 300w, https:\/\/ykbdemo.com.tr\/forklift\/wp-content\/uploads\/2024\/05\/vinc-kiralama-11-768x461.jpg 768w, https:\/\/ykbdemo.com.tr\/forklift\/wp-content\/uploads\/2024\/05\/vinc-kiralama-11.jpg 1250w\" sizes=\"(max-width: 1024px) 100vw, 1024px\" \/>\t\t\t\t\t\t\t\t<\/a>\n\t\t\t\t\t\t\t\t\t\t\t\t\t<\/div>\n\t\t\t\t<\/div>\n\t\t\t\t<div class=\"elementor-element elementor-element-79c2588 elementor-widget elementor-widget-heading\" data-id=\"79c2588\" data-element_type=\"widget\" data-widget_type=\"heading.default\">\n\t\t\t\t<div class=\"elementor-widget-container\">\n\t\t\t<h2 class=\"elementor-heading-title elementor-size-default\"><a href=\"https:\/\/ykbdemo.com.tr\/forklift\/teklif-al\/35-tonluk-vinc-kiralama\/\">35 Tonluk Vin\u00e7 Kiralama<\/a><\/h2>\t\t<\/div>\n\t\t\t\t<\/div>\n\t\t\t\t<div class=\"elementor-element elementor-element-f887b30 elementor-align-center elementor-widget elementor-widget-ibutton\" data-id=\"f887b30\" data-element_type=\"widget\" data-widget_type=\"ibutton.default\">\n\t\t\t\t<div class=\"elementor-widget-container\">\n\t\t\t\t\t<div class=\"ot-button\">\r\n\t\t\t<a href=\"https:\/\/ykbdemo.com.tr\/forklift\/teklif-al\/35-tonluk-vinc-kiralama\/\" class=\"octf-btn octf-btn-primary octf-btn-icon\"><span>Teklif Al <i class=\"flaticon-right-arrow-1\"><\/i><\/span> \r\n\t\t\t\t\t\t\t<\/a>\r\n\t    <\/div>\r\n\t    \t\t<\/div>\n\t\t\t\t<\/div>\n\t\t\t\t<div class=\"elementor-element elementor-element-ab83d28 elementor-widget elementor-widget-image\" data-id=\"ab83d28\" data-element_type=\"widget\" data-widget_type=\"image.default\">\n\t\t\t\t<div class=\"elementor-widget-container\">\n\t\t\t\t\t\t\t\t\t\t\t\t\t\t<a href=\"https:\/\/ykbdemo.com.tr\/forklift\/teklif-al\/75-tonluk-vinc-kiralama\/\">\n\t\t\t\t\t\t\t<img decoding=\"async\" width=\"1024\" height=\"614\" src=\"https:\/\/ykbdemo.com.tr\/forklift\/wp-content\/uploads\/2024\/05\/vinc-kiralama-111-1-1024x614.jpg\" class=\"attachment-large size-large wp-image-5169\" alt=\"\" srcset=\"https:\/\/ykbdemo.com.tr\/forklift\/wp-content\/uploads\/2024\/05\/vinc-kiralama-111-1-1024x614.jpg 1024w, https:\/\/ykbdemo.com.tr\/forklift\/wp-content\/uploads\/2024\/05\/vinc-kiralama-111-1-300x180.jpg 300w, https:\/\/ykbdemo.com.tr\/forklift\/wp-content\/uploads\/2024\/05\/vinc-kiralama-111-1-768x461.jpg 768w, https:\/\/ykbdemo.com.tr\/forklift\/wp-content\/uploads\/2024\/05\/vinc-kiralama-111-1.jpg 1250w\" sizes=\"(max-width: 1024px) 100vw, 1024px\" \/>\t\t\t\t\t\t\t\t<\/a>\n\t\t\t\t\t\t\t\t\t\t\t\t\t<\/div>\n\t\t\t\t<\/div>\n\t\t\t\t<div class=\"elementor-element elementor-element-37513d6 elementor-widget elementor-widget-heading\" data-id=\"37513d6\" data-element_type=\"widget\" data-widget_type=\"heading.default\">\n\t\t\t\t<div class=\"elementor-widget-container\">\n\t\t\t<h2 class=\"elementor-heading-title elementor-size-default\"><a href=\"https:\/\/ykbdemo.com.tr\/forklift\/teklif-al\/75-tonluk-vinc-kiralama\/\">75 Tonluk Vin\u00e7 Kiralama<\/a><\/h2>\t\t<\/div>\n\t\t\t\t<\/div>\n\t\t\t\t<div class=\"elementor-element elementor-element-72c611c elementor-align-center elementor-widget elementor-widget-ibutton\" data-id=\"72c611c\" data-element_type=\"widget\" data-widget_type=\"ibutton.default\">\n\t\t\t\t<div class=\"elementor-widget-container\">\n\t\t\t\t\t<div class=\"ot-button\">\r\n\t\t\t<a href=\"https:\/\/ykbdemo.com.tr\/forklift\/teklif-al\/75-tonluk-vinc-kiralama\/\" class=\"octf-btn octf-btn-primary octf-btn-icon\"><span>Teklif Al <i class=\"flaticon-right-arrow-1\"><\/i><\/span> \r\n\t\t\t\t\t\t\t<\/a>\r\n\t    <\/div>\r\n\t    \t\t<\/div>\n\t\t\t\t<\/div>\n\t\t\t\t<\/div>\n\t\t<div class=\"elementor-element elementor-element-e1264b6 e-con-full e-flex e-con e-child\" data-id=\"e1264b6\" data-element_type=\"container\">\n\t\t\t\t<div class=\"elementor-element elementor-element-db34772 elementor-widget elementor-widget-heading\" data-id=\"db34772\" data-element_type=\"widget\" data-widget_type=\"heading.default\">\n\t\t\t\t<div class=\"elementor-widget-container\">\n\t\t\t<h2 class=\"elementor-heading-title elementor-size-default\">Forklift<\/h2>\t\t<\/div>\n\t\t\t\t<\/div>\n\t\t\t\t<div class=\"elementor-element elementor-element-6863c6a elementor-widget elementor-widget-image\" data-id=\"6863c6a\" data-element_type=\"widget\" data-widget_type=\"image.default\">\n\t\t\t\t<div class=\"elementor-widget-container\">\n\t\t\t\t\t\t\t\t\t\t\t\t\t\t<a href=\"https:\/\/ykbdemo.com.tr\/forklift\/teklif-al\/akulu-elektrikli-forklift-kiralama\/\">\n\t\t\t\t\t\t\t<img decoding=\"async\" width=\"1024\" height=\"614\" src=\"https:\/\/ykbdemo.com.tr\/forklift\/wp-content\/uploads\/2024\/05\/Akulu-forklift1-1-1024x614.jpg\" class=\"attachment-large size-large wp-image-5158\" alt=\"\" srcset=\"https:\/\/ykbdemo.com.tr\/forklift\/wp-content\/uploads\/2024\/05\/Akulu-forklift1-1-1024x614.jpg 1024w, https:\/\/ykbdemo.com.tr\/forklift\/wp-content\/uploads\/2024\/05\/Akulu-forklift1-1-300x180.jpg 300w, https:\/\/ykbdemo.com.tr\/forklift\/wp-content\/uploads\/2024\/05\/Akulu-forklift1-1-768x461.jpg 768w, https:\/\/ykbdemo.com.tr\/forklift\/wp-content\/uploads\/2024\/05\/Akulu-forklift1-1.jpg 1250w\" sizes=\"(max-width: 1024px) 100vw, 1024px\" \/>\t\t\t\t\t\t\t\t<\/a>\n\t\t\t\t\t\t\t\t\t\t\t\t\t<\/div>\n\t\t\t\t<\/div>\n\t\t\t\t<div class=\"elementor-element elementor-element-471fb3e elementor-widget elementor-widget-heading\" data-id=\"471fb3e\" data-element_type=\"widget\" data-widget_type=\"heading.default\">\n\t\t\t\t<div class=\"elementor-widget-container\">\n\t\t\t<h2 class=\"elementor-heading-title elementor-size-default\"><a href=\"https:\/\/ykbdemo.com.tr\/forklift\/teklif-al\/akulu-elektrikli-forklift-kiralama\/\">Ak\u00fcl\u00fc (Elektrikli) Forklift Kiralama<\/a><\/h2>\t\t<\/div>\n\t\t\t\t<\/div>\n\t\t\t\t<div class=\"elementor-element elementor-element-1124107 elementor-align-center elementor-widget elementor-widget-ibutton\" data-id=\"1124107\" data-element_type=\"widget\" data-widget_type=\"ibutton.default\">\n\t\t\t\t<div class=\"elementor-widget-container\">\n\t\t\t\t\t<div class=\"ot-button\">\r\n\t\t\t<a href=\"https:\/\/ykbdemo.com.tr\/forklift\/teklif-al\/akulu-elektrikli-forklift-kiralama\/\" class=\"octf-btn octf-btn-primary octf-btn-icon\"><span>Teklif Al <i class=\"flaticon-right-arrow-1\"><\/i><\/span> \r\n\t\t\t\t\t\t\t<\/a>\r\n\t    <\/div>\r\n\t    \t\t<\/div>\n\t\t\t\t<\/div>\n\t\t\t\t<div class=\"elementor-element elementor-element-04ca40a elementor-widget elementor-widget-image\" data-id=\"04ca40a\" data-element_type=\"widget\" data-widget_type=\"image.default\">\n\t\t\t\t<div class=\"elementor-widget-container\">\n\t\t\t\t\t\t\t\t\t\t\t\t\t\t<a href=\"https:\/\/ykbdemo.com.tr\/forklift\/teklif-al\/dizel-forklift-kiralama\/\">\n\t\t\t\t\t\t\t<img loading=\"lazy\" decoding=\"async\" width=\"1024\" height=\"614\" src=\"https:\/\/ykbdemo.com.tr\/forklift\/wp-content\/uploads\/2024\/05\/dizel111-1-1024x614.jpg\" class=\"attachment-large size-large wp-image-5172\" alt=\"\" srcset=\"https:\/\/ykbdemo.com.tr\/forklift\/wp-content\/uploads\/2024\/05\/dizel111-1-1024x614.jpg 1024w, https:\/\/ykbdemo.com.tr\/forklift\/wp-content\/uploads\/2024\/05\/dizel111-1-300x180.jpg 300w, https:\/\/ykbdemo.com.tr\/forklift\/wp-content\/uploads\/2024\/05\/dizel111-1-768x461.jpg 768w, https:\/\/ykbdemo.com.tr\/forklift\/wp-content\/uploads\/2024\/05\/dizel111-1.jpg 1250w\" sizes=\"(max-width: 1024px) 100vw, 1024px\" \/>\t\t\t\t\t\t\t\t<\/a>\n\t\t\t\t\t\t\t\t\t\t\t\t\t<\/div>\n\t\t\t\t<\/div>\n\t\t\t\t<div class=\"elementor-element elementor-element-ba35a35 elementor-widget elementor-widget-heading\" data-id=\"ba35a35\" data-element_type=\"widget\" data-widget_type=\"heading.default\">\n\t\t\t\t<div class=\"elementor-widget-container\">\n\t\t\t<h2 class=\"elementor-heading-title elementor-size-default\"><a href=\"https:\/\/ykbdemo.com.tr\/forklift\/teklif-al\/dizel-forklift-kiralama\/\">Dizel Forklift Kiralama<\/a><\/h2>\t\t<\/div>\n\t\t\t\t<\/div>\n\t\t\t\t<div class=\"elementor-element elementor-element-1236535 elementor-align-center elementor-widget elementor-widget-ibutton\" data-id=\"1236535\" data-element_type=\"widget\" data-widget_type=\"ibutton.default\">\n\t\t\t\t<div class=\"elementor-widget-container\">\n\t\t\t\t\t<div class=\"ot-button\">\r\n\t\t\t<a href=\"https:\/\/ykbdemo.com.tr\/forklift\/teklif-al\/dizel-forklift-kiralama\/\" class=\"octf-btn octf-btn-primary octf-btn-icon\"><span>Teklif Al <i class=\"flaticon-right-arrow-1\"><\/i><\/span> \r\n\t\t\t\t\t\t\t<\/a>\r\n\t    <\/div>\r\n\t    \t\t<\/div>\n\t\t\t\t<\/div>\n\t\t\t\t<div class=\"elementor-element elementor-element-b267b83 elementor-widget elementor-widget-image\" data-id=\"b267b83\" data-element_type=\"widget\" data-widget_type=\"image.default\">\n\t\t\t\t<div class=\"elementor-widget-container\">\n\t\t\t\t\t\t\t\t\t\t\t\t\t\t<a href=\"https:\/\/ykbdemo.com.tr\/forklift\/teklif-al\/tonajli-forklift-kiralama\/\">\n\t\t\t\t\t\t\t<img loading=\"lazy\" decoding=\"async\" width=\"1024\" height=\"614\" src=\"https:\/\/ykbdemo.com.tr\/forklift\/wp-content\/uploads\/2024\/05\/tonajli-forklift-1-1024x614.jpg\" class=\"attachment-large size-large wp-image-5165\" alt=\"\" srcset=\"https:\/\/ykbdemo.com.tr\/forklift\/wp-content\/uploads\/2024\/05\/tonajli-forklift-1-1024x614.jpg 1024w, https:\/\/ykbdemo.com.tr\/forklift\/wp-content\/uploads\/2024\/05\/tonajli-forklift-1-300x180.jpg 300w, https:\/\/ykbdemo.com.tr\/forklift\/wp-content\/uploads\/2024\/05\/tonajli-forklift-1-768x461.jpg 768w, https:\/\/ykbdemo.com.tr\/forklift\/wp-content\/uploads\/2024\/05\/tonajli-forklift-1.jpg 1250w\" sizes=\"(max-width: 1024px) 100vw, 1024px\" \/>\t\t\t\t\t\t\t\t<\/a>\n\t\t\t\t\t\t\t\t\t\t\t\t\t<\/div>\n\t\t\t\t<\/div>\n\t\t\t\t<div class=\"elementor-element elementor-element-56f6e5e elementor-widget elementor-widget-heading\" data-id=\"56f6e5e\" data-element_type=\"widget\" data-widget_type=\"heading.default\">\n\t\t\t\t<div class=\"elementor-widget-container\">\n\t\t\t<h2 class=\"elementor-heading-title elementor-size-default\"><a href=\"https:\/\/ykbdemo.com.tr\/forklift\/teklif-al\/tonajli-forklift-kiralama\/\">Tonajl\u0131 Forklift Kiralama<\/a><\/h2>\t\t<\/div>\n\t\t\t\t<\/div>\n\t\t\t\t<div class=\"elementor-element elementor-element-b47d10a elementor-align-center elementor-widget elementor-widget-ibutton\" data-id=\"b47d10a\" data-element_type=\"widget\" data-widget_type=\"ibutton.default\">\n\t\t\t\t<div class=\"elementor-widget-container\">\n\t\t\t\t\t<div class=\"ot-button\">\r\n\t\t\t<a href=\"https:\/\/ykbdemo.com.tr\/forklift\/teklif-al\/tonajli-forklift-kiralama\/\" class=\"octf-btn octf-btn-primary octf-btn-icon\"><span>Teklif Al <i class=\"flaticon-right-arrow-1\"><\/i><\/span> \r\n\t\t\t\t\t\t\t<\/a>\r\n\t    <\/div>\r\n\t    \t\t<\/div>\n\t\t\t\t<\/div>\n\t\t\t\t<\/div>\n\t\t<div class=\"elementor-element elementor-element-4e61f6b e-con-full e-flex e-con e-child\" data-id=\"4e61f6b\" data-element_type=\"container\">\n\t\t\t\t<div class=\"elementor-element elementor-element-69b4f70 elementor-widget elementor-widget-heading\" data-id=\"69b4f70\" data-element_type=\"widget\" data-widget_type=\"heading.default\">\n\t\t\t\t<div class=\"elementor-widget-container\">\n\t\t\t<h2 class=\"elementor-heading-title elementor-size-default\">Platform (Menlif)<\/h2>\t\t<\/div>\n\t\t\t\t<\/div>\n\t\t\t\t<div class=\"elementor-element elementor-element-52f184e elementor-widget elementor-widget-image\" data-id=\"52f184e\" data-element_type=\"widget\" data-widget_type=\"image.default\">\n\t\t\t\t<div class=\"elementor-widget-container\">\n\t\t\t\t\t\t\t\t\t\t\t\t\t\t<a href=\"https:\/\/ykbdemo.com.tr\/forklift\/teklif-al\/makasli-platform-kiralama\/\">\n\t\t\t\t\t\t\t<img loading=\"lazy\" decoding=\"async\" width=\"1024\" height=\"614\" src=\"https:\/\/ykbdemo.com.tr\/forklift\/wp-content\/uploads\/2024\/05\/Menlif-Platform-1-1024x614.jpg\" class=\"attachment-large size-large wp-image-5162\" alt=\"\" srcset=\"https:\/\/ykbdemo.com.tr\/forklift\/wp-content\/uploads\/2024\/05\/Menlif-Platform-1-1024x614.jpg 1024w, https:\/\/ykbdemo.com.tr\/forklift\/wp-content\/uploads\/2024\/05\/Menlif-Platform-1-300x180.jpg 300w, https:\/\/ykbdemo.com.tr\/forklift\/wp-content\/uploads\/2024\/05\/Menlif-Platform-1-768x461.jpg 768w, https:\/\/ykbdemo.com.tr\/forklift\/wp-content\/uploads\/2024\/05\/Menlif-Platform-1.jpg 1250w\" sizes=\"(max-width: 1024px) 100vw, 1024px\" \/>\t\t\t\t\t\t\t\t<\/a>\n\t\t\t\t\t\t\t\t\t\t\t\t\t<\/div>\n\t\t\t\t<\/div>\n\t\t\t\t<div class=\"elementor-element elementor-element-7f75a48 elementor-widget elementor-widget-heading\" data-id=\"7f75a48\" data-element_type=\"widget\" data-widget_type=\"heading.default\">\n\t\t\t\t<div class=\"elementor-widget-container\">\n\t\t\t<h2 class=\"elementor-heading-title elementor-size-default\"><a href=\"https:\/\/ykbdemo.com.tr\/forklift\/teklif-al\/makasli-platform-kiralama\/\">Makasl\u0131 Platform Kiralama<\/a><\/h2>\t\t<\/div>\n\t\t\t\t<\/div>\n\t\t\t\t<div class=\"elementor-element elementor-element-f92cb1a elementor-align-center elementor-widget elementor-widget-ibutton\" data-id=\"f92cb1a\" data-element_type=\"widget\" data-widget_type=\"ibutton.default\">\n\t\t\t\t<div class=\"elementor-widget-container\">\n\t\t\t\t\t<div class=\"ot-button\">\r\n\t\t\t<a href=\"https:\/\/ykbdemo.com.tr\/forklift\/teklif-al\/makasli-platform-kiralama\/\" class=\"octf-btn octf-btn-primary octf-btn-icon\"><span>Teklif Al <i class=\"flaticon-right-arrow-1\"><\/i><\/span> \r\n\t\t\t\t\t\t\t<\/a>\r\n\t    <\/div>\r\n\t    \t\t<\/div>\n\t\t\t\t<\/div>\n\t\t\t\t<div class=\"elementor-element elementor-element-1af9013 elementor-widget elementor-widget-image\" data-id=\"1af9013\" data-element_type=\"widget\" data-widget_type=\"image.default\">\n\t\t\t\t<div class=\"elementor-widget-container\">\n\t\t\t\t\t\t\t\t\t\t\t\t\t\t<a href=\"https:\/\/ykbdemo.com.tr\/forklift\/teklif-al\/eklemli-platform-ahtapot-kiralama\/\">\n\t\t\t\t\t\t\t<img loading=\"lazy\" decoding=\"async\" width=\"1024\" height=\"614\" src=\"https:\/\/ykbdemo.com.tr\/forklift\/wp-content\/uploads\/2024\/05\/Eklemli-Platform-1-1024x614.jpg\" class=\"attachment-large size-large wp-image-5163\" alt=\"\" srcset=\"https:\/\/ykbdemo.com.tr\/forklift\/wp-content\/uploads\/2024\/05\/Eklemli-Platform-1-1024x614.jpg 1024w, https:\/\/ykbdemo.com.tr\/forklift\/wp-content\/uploads\/2024\/05\/Eklemli-Platform-1-300x180.jpg 300w, https:\/\/ykbdemo.com.tr\/forklift\/wp-content\/uploads\/2024\/05\/Eklemli-Platform-1-768x461.jpg 768w, https:\/\/ykbdemo.com.tr\/forklift\/wp-content\/uploads\/2024\/05\/Eklemli-Platform-1.jpg 1250w\" sizes=\"(max-width: 1024px) 100vw, 1024px\" \/>\t\t\t\t\t\t\t\t<\/a>\n\t\t\t\t\t\t\t\t\t\t\t\t\t<\/div>\n\t\t\t\t<\/div>\n\t\t\t\t<div class=\"elementor-element elementor-element-c99a6e5 elementor-widget elementor-widget-heading\" data-id=\"c99a6e5\" data-element_type=\"widget\" data-widget_type=\"heading.default\">\n\t\t\t\t<div class=\"elementor-widget-container\">\n\t\t\t<h2 class=\"elementor-heading-title elementor-size-default\"><a href=\"https:\/\/ykbdemo.com.tr\/forklift\/teklif-al\/eklemli-platform-ahtapot-kiralama\/\">Eklemli Platform (Ahtapot) Kiralama<\/a><\/h2>\t\t<\/div>\n\t\t\t\t<\/div>\n\t\t\t\t<div class=\"elementor-element elementor-element-9754488 elementor-align-center elementor-widget elementor-widget-ibutton\" data-id=\"9754488\" data-element_type=\"widget\" data-widget_type=\"ibutton.default\">\n\t\t\t\t<div class=\"elementor-widget-container\">\n\t\t\t\t\t<div class=\"ot-button\">\r\n\t\t\t<a href=\"https:\/\/ykbdemo.com.tr\/forklift\/teklif-al\/eklemli-platform-ahtapot-kiralama\/\" class=\"octf-btn octf-btn-primary octf-btn-icon\"><span>Teklif Al <i class=\"flaticon-right-arrow-1\"><\/i><\/span> \r\n\t\t\t\t\t\t\t<\/a>\r\n\t    <\/div>\r\n\t    \t\t<\/div>\n\t\t\t\t<\/div>\n\t\t\t\t<div class=\"elementor-element elementor-element-7a19464 elementor-widget elementor-widget-image\" data-id=\"7a19464\" data-element_type=\"widget\" data-widget_type=\"image.default\">\n\t\t\t\t<div class=\"elementor-widget-container\">\n\t\t\t\t\t\t\t\t\t\t\t\t\t\t<a href=\"https:\/\/ykbdemo.com.tr\/forklift\/teklif-al\/arazi-4-x-4-platform-kiralama\/\">\n\t\t\t\t\t\t\t<img loading=\"lazy\" decoding=\"async\" width=\"1024\" height=\"614\" src=\"https:\/\/ykbdemo.com.tr\/forklift\/wp-content\/uploads\/2024\/05\/Arazi-Platform-1-1024x614.jpg\" class=\"attachment-large size-large wp-image-5164\" alt=\"\" srcset=\"https:\/\/ykbdemo.com.tr\/forklift\/wp-content\/uploads\/2024\/05\/Arazi-Platform-1-1024x614.jpg 1024w, https:\/\/ykbdemo.com.tr\/forklift\/wp-content\/uploads\/2024\/05\/Arazi-Platform-1-300x180.jpg 300w, https:\/\/ykbdemo.com.tr\/forklift\/wp-content\/uploads\/2024\/05\/Arazi-Platform-1-768x461.jpg 768w, https:\/\/ykbdemo.com.tr\/forklift\/wp-content\/uploads\/2024\/05\/Arazi-Platform-1.jpg 1250w\" sizes=\"(max-width: 1024px) 100vw, 1024px\" \/>\t\t\t\t\t\t\t\t<\/a>\n\t\t\t\t\t\t\t\t\t\t\t\t\t<\/div>\n\t\t\t\t<\/div>\n\t\t\t\t<div class=\"elementor-element elementor-element-528a4f7 elementor-widget elementor-widget-heading\" data-id=\"528a4f7\" data-element_type=\"widget\" data-widget_type=\"heading.default\">\n\t\t\t\t<div class=\"elementor-widget-container\">\n\t\t\t<h2 class=\"elementor-heading-title elementor-size-default\"><a href=\"https:\/\/ykbdemo.com.tr\/forklift\/teklif-al\/arazi-4-x-4-platform-kiralama\/\">Arazi (4 x 4) Platform Kiralama<\/a><\/h2>\t\t<\/div>\n\t\t\t\t<\/div>\n\t\t\t\t<div class=\"elementor-element elementor-element-638a369 elementor-align-center elementor-widget elementor-widget-ibutton\" data-id=\"638a369\" data-element_type=\"widget\" data-widget_type=\"ibutton.default\">\n\t\t\t\t<div class=\"elementor-widget-container\">\n\t\t\t\t\t<div class=\"ot-button\">\r\n\t\t\t<a href=\"https:\/\/ykbdemo.com.tr\/forklift\/teklif-al\/arazi-4-x-4-platform-kiralama\/\" class=\"octf-btn octf-btn-primary octf-btn-icon\"><span>Teklif Al <i class=\"flaticon-right-arrow-1\"><\/i><\/span> \r\n\t\t\t\t\t\t\t<\/a>\r\n\t    <\/div>\r\n\t    \t\t<\/div>\n\t\t\t\t<\/div>\n\t\t\t\t<\/div>\n\t\t\t\t\t<\/div>\n\t\t\t\t<\/div>\n\t\t\t\t<\/div>\n\t\t","protected":false},"excerpt":{"rendered":"<p>Vin\u00e7 20 Tonluk Vin\u00e7 Kiralama Teklif Al 35 Tonluk Vin\u00e7 Kiralama Teklif Al 75 Tonluk Vin\u00e7 Kiralama Teklif Al Forklift Ak\u00fcl\u00fc (Elektrikli) Forklift Kiralama Teklif Al Dizel Forklift Kiralama Teklif Al Tonajl\u0131 Forklift Kiralama Teklif Al Platform (Menlif) Makasl\u0131 Platform Kiralama Teklif Al Eklemli Platform (Ahtapot) Kiralama Teklif Al Arazi (4 x 4) Platform Kiralama [&hellip;]<\/p>\n","protected":false},"author":1,"featured_media":0,"parent":0,"menu_order":0,"comment_status":"closed","ping_status":"closed","template":"","meta":{"_joinchat":[],"footnotes":""},"class_list":["post-4959","page","type-page","status-publish","hentry"],"_links":{"self":[{"href":"https:\/\/ykbdemo.com.tr\/forklift\/wp-json\/wp\/v2\/pages\/4959","targetHints":{"allow":["GET"]}}],"collection":[{"href":"https:\/\/ykbdemo.com.tr\/forklift\/wp-json\/wp\/v2\/pages"}],"about":[{"href":"https:\/\/ykbdemo.com.tr\/forklift\/wp-json\/wp\/v2\/types\/page"}],"author":[{"embeddable":true,"href":"https:\/\/ykbdemo.com.tr\/forklift\/wp-json\/wp\/v2\/users\/1"}],"replies":[{"embeddable":true,"href":"https:\/\/ykbdemo.com.tr\/forklift\/wp-json\/wp\/v2\/comments?post=4959"}],"version-history":[{"count":70,"href":"https:\/\/ykbdemo.com.tr\/forklift\/wp-json\/wp\/v2\/pages\/4959\/revisions"}],"predecessor-version":[{"id":5175,"href":"https:\/\/ykbdemo.com.tr\/forklift\/wp-json\/wp\/v2\/pages\/4959\/revisions\/5175"}],"wp:attachment":[{"href":"https:\/\/ykbdemo.com.tr\/forklift\/wp-json\/wp\/v2\/media?parent=4959"}],"curies":[{"name":"wp","href":"https:\/\/api.w.org\/{rel}","templated":true}]}}