{"id":4661,"date":"2024-03-27T23:03:21","date_gmt":"2024-03-27T20:03:21","guid":{"rendered":"https:\/\/ykbdemo.com.tr\/forklift\/?page_id=4661"},"modified":"2024-05-02T15:32:24","modified_gmt":"2024-05-02T12:32:24","slug":"platform-kiralama","status":"publish","type":"page","link":"https:\/\/ykbdemo.com.tr\/forklift\/hizmetlerimiz\/platform-kiralama\/","title":{"rendered":"Platform Kiralama"},"content":{"rendered":"\t\t<div data-elementor-type=\"wp-page\" data-elementor-id=\"4661\" class=\"elementor elementor-4661\">\n\t\t\t\t\t\t<section class=\"elementor-section elementor-top-section elementor-element elementor-element-60e6dd2b elementor-section-content-middle elementor-section-boxed elementor-section-height-default elementor-section-height-default\" data-id=\"60e6dd2b\" data-element_type=\"section\">\n\t\t\t\t\t\t<div class=\"elementor-container elementor-column-gap-extended\">\n\t\t\t\t\t<div class=\"elementor-column elementor-col-50 elementor-top-column elementor-element elementor-element-4efb1989 ot-flex-column-vertical\" data-id=\"4efb1989\" data-element_type=\"column\">\n\t\t\t<div class=\"elementor-widget-wrap elementor-element-populated\">\n\t\t\t\t\t\t<div class=\"elementor-element elementor-element-7a1cf4eb elementor-widget elementor-widget-image\" data-id=\"7a1cf4eb\" data-element_type=\"widget\" data-widget_type=\"image.default\">\n\t\t\t\t<div class=\"elementor-widget-container\">\n\t\t\t<style>\/*! elementor - v3.21.0 - 15-04-2024 *\/\n.elementor-widget-image{text-align:center}.elementor-widget-image a{display:inline-block}.elementor-widget-image a img[src$=\".svg\"]{width:48px}.elementor-widget-image img{vertical-align:middle;display:inline-block}<\/style>\t\t\t\t\t\t\t\t\t\t<img fetchpriority=\"high\" decoding=\"async\" width=\"1200\" height=\"900\" src=\"https:\/\/ykbdemo.com.tr\/forklift\/wp-content\/uploads\/2024\/03\/4-2.jpeg\" class=\"attachment-full size-full wp-image-4763\" alt=\"\" srcset=\"https:\/\/ykbdemo.com.tr\/forklift\/wp-content\/uploads\/2024\/03\/4-2.jpeg 1200w, https:\/\/ykbdemo.com.tr\/forklift\/wp-content\/uploads\/2024\/03\/4-2-300x225.jpeg 300w, https:\/\/ykbdemo.com.tr\/forklift\/wp-content\/uploads\/2024\/03\/4-2-1024x768.jpeg 1024w, https:\/\/ykbdemo.com.tr\/forklift\/wp-content\/uploads\/2024\/03\/4-2-768x576.jpeg 768w\" sizes=\"(max-width: 1200px) 100vw, 1200px\" \/>\t\t\t\t\t\t\t\t\t\t\t\t\t<\/div>\n\t\t\t\t<\/div>\n\t\t\t\t\t<\/div>\n\t\t<\/div>\n\t\t\t\t<div class=\"elementor-column elementor-col-50 elementor-top-column elementor-element elementor-element-15e74ef9 ot-flex-column-vertical\" data-id=\"15e74ef9\" data-element_type=\"column\">\n\t\t\t<div class=\"elementor-widget-wrap elementor-element-populated\">\n\t\t\t\t\t\t<div class=\"elementor-element elementor-element-1c7b718 elementor-widget elementor-widget-iheading\" data-id=\"1c7b718\" data-element_type=\"widget\" data-widget_type=\"iheading.default\">\n\t\t\t\t<div class=\"elementor-widget-container\">\n\t\t\t\t\t<div class=\"ot-heading left-align\">\r\n\t\t\t\r\n\t\t\t\t\r\n\r\n\t        \t            <h6 class=\"sub-heading\"><span>Ceylan Forklift & Platform & Vin\u00e7<\/span><\/h6>\r\n\t         \r\n\r\n\t        \t        \t<h2 class=\"main-heading\">Platform Kiralama<\/h2>\r\n\t        \t    <\/div>\r\n\t    \t\t<\/div>\n\t\t\t\t<\/div>\n\t\t\t\t<div class=\"elementor-element elementor-element-2ae08e1e elementor-widget elementor-widget-text-editor\" data-id=\"2ae08e1e\" data-element_type=\"widget\" data-widget_type=\"text-editor.default\">\n\t\t\t\t<div class=\"elementor-widget-container\">\n\t\t\t<style>\/*! elementor - v3.21.0 - 15-04-2024 *\/\n.elementor-widget-text-editor.elementor-drop-cap-view-stacked .elementor-drop-cap{background-color:#69727d;color:#fff}.elementor-widget-text-editor.elementor-drop-cap-view-framed .elementor-drop-cap{color:#69727d;border:3px solid;background-color:transparent}.elementor-widget-text-editor:not(.elementor-drop-cap-view-default) .elementor-drop-cap{margin-top:8px}.elementor-widget-text-editor:not(.elementor-drop-cap-view-default) .elementor-drop-cap-letter{width:1em;height:1em}.elementor-widget-text-editor .elementor-drop-cap{float:left;text-align:center;line-height:1;font-size:50px}.elementor-widget-text-editor .elementor-drop-cap-letter{display:inline-block}<\/style>\t\t\t\t<p>MAKASLI PLATFORM MENL\u0130F K\u0130RALAMA \/\u00a0EKLEML\u0130 PLATFORM AHTAPOT K\u0130RALAMA PERSONEL Y\u00dcKSELT\u0130C\u0130 PLATFORM<br \/>2023VE 2024 MODEL MAK\u0130NALAR \u0130LE EN HIZLI VE G\u00dcVENL\u0130 H\u0130ZMET<br \/>ANINDA SERV\u0130S H\u0130ZMET\u0130<br \/>3 ADET OTO KURTARICI \u0130LE HERYERE NAKL\u0130YES\u0130\u00a0<\/p>\t\t\t\t\t\t<\/div>\n\t\t\t\t<\/div>\n\t\t\t\t\t<\/div>\n\t\t<\/div>\n\t\t\t\t\t<\/div>\n\t\t<\/section>\n\t\t\t\t<section class=\"elementor-section elementor-top-section elementor-element elementor-element-2e330349 elementor-section-content-middle elementor-section-boxed elementor-section-height-default elementor-section-height-default\" data-id=\"2e330349\" data-element_type=\"section\">\n\t\t\t\t\t\t<div class=\"elementor-container elementor-column-gap-extended\">\n\t\t\t\t\t<div class=\"elementor-column elementor-col-100 elementor-top-column elementor-element elementor-element-22ddeaa4 ot-flex-column-vertical\" data-id=\"22ddeaa4\" data-element_type=\"column\">\n\t\t\t<div class=\"elementor-widget-wrap elementor-element-populated\">\n\t\t\t\t\t\t<div class=\"elementor-element elementor-element-635fac93 elementor-widget elementor-widget-image-gallery\" data-id=\"635fac93\" data-element_type=\"widget\" data-widget_type=\"image-gallery.default\">\n\t\t\t\t<div class=\"elementor-widget-container\">\n\t\t\t<style>\/*! elementor - v3.21.0 - 15-04-2024 *\/\n.elementor-image-gallery .gallery-item{display:inline-block;text-align:center;vertical-align:top;width:100%;max-width:100%;margin:0 auto}.elementor-image-gallery .gallery-item img{margin:0 auto}.elementor-image-gallery .gallery-item .gallery-caption{margin:0}.elementor-image-gallery figure img{display:block}.elementor-image-gallery figure figcaption{width:100%}.gallery-spacing-custom .elementor-image-gallery .gallery-icon{padding:0}@media (min-width:768px){.elementor-image-gallery .gallery-columns-2 .gallery-item{max-width:50%}.elementor-image-gallery .gallery-columns-3 .gallery-item{max-width:33.33%}.elementor-image-gallery .gallery-columns-4 .gallery-item{max-width:25%}.elementor-image-gallery .gallery-columns-5 .gallery-item{max-width:20%}.elementor-image-gallery .gallery-columns-6 .gallery-item{max-width:16.666%}.elementor-image-gallery .gallery-columns-7 .gallery-item{max-width:14.28%}.elementor-image-gallery .gallery-columns-8 .gallery-item{max-width:12.5%}.elementor-image-gallery .gallery-columns-9 .gallery-item{max-width:11.11%}.elementor-image-gallery .gallery-columns-10 .gallery-item{max-width:10%}}@media (min-width:480px) and (max-width:767px){.elementor-image-gallery .gallery.gallery-columns-2 .gallery-item,.elementor-image-gallery .gallery.gallery-columns-3 .gallery-item,.elementor-image-gallery .gallery.gallery-columns-4 .gallery-item,.elementor-image-gallery .gallery.gallery-columns-5 .gallery-item,.elementor-image-gallery .gallery.gallery-columns-6 .gallery-item,.elementor-image-gallery .gallery.gallery-columns-7 .gallery-item,.elementor-image-gallery .gallery.gallery-columns-8 .gallery-item,.elementor-image-gallery .gallery.gallery-columns-9 .gallery-item,.elementor-image-gallery .gallery.gallery-columns-10 .gallery-item{max-width:50%}}@media (max-width:479px){.elementor-image-gallery .gallery.gallery-columns-2 .gallery-item,.elementor-image-gallery .gallery.gallery-columns-3 .gallery-item,.elementor-image-gallery .gallery.gallery-columns-4 .gallery-item,.elementor-image-gallery .gallery.gallery-columns-5 .gallery-item,.elementor-image-gallery .gallery.gallery-columns-6 .gallery-item,.elementor-image-gallery .gallery.gallery-columns-7 .gallery-item,.elementor-image-gallery .gallery.gallery-columns-8 .gallery-item,.elementor-image-gallery .gallery.gallery-columns-9 .gallery-item,.elementor-image-gallery .gallery.gallery-columns-10 .gallery-item{max-width:100%}}<\/style>\t\t<div class=\"elementor-image-gallery\">\n\t\t\t<div id='gallery-1' class='gallery galleryid-4661 gallery-columns-4 gallery-size-onum-slide-portfolio-thumbnail-2'><figure class='gallery-item'>\n\t\t\t<div class='gallery-icon portrait'>\n\t\t\t\t<a data-elementor-open-lightbox=\"yes\" data-elementor-lightbox-slideshow=\"635fac93\" data-elementor-lightbox-title=\"1\" data-e-action-hash=\"#elementor-action%3Aaction%3Dlightbox%26settings%3DeyJpZCI6NDc2NCwidXJsIjoiaHR0cHM6XC9cL3lrYmRlbW8uY29tLnRyXC9mb3JrbGlmdFwvd3AtY29udGVudFwvdXBsb2Fkc1wvMjAyNFwvMDNcLzEtMi5qcGVnIiwic2xpZGVzaG93IjoiNjM1ZmFjOTMifQ%3D%3D\" href='https:\/\/ykbdemo.com.tr\/forklift\/wp-content\/uploads\/2024\/03\/1-2.jpeg'><img decoding=\"async\" width=\"600\" height=\"680\" src=\"https:\/\/ykbdemo.com.tr\/forklift\/wp-content\/uploads\/2024\/03\/1-2-600x680.jpeg\" class=\"attachment-onum-slide-portfolio-thumbnail-2 size-onum-slide-portfolio-thumbnail-2\" alt=\"\" \/><\/a>\n\t\t\t<\/div><\/figure><figure class='gallery-item'>\n\t\t\t<div class='gallery-icon portrait'>\n\t\t\t\t<a data-elementor-open-lightbox=\"yes\" data-elementor-lightbox-slideshow=\"635fac93\" data-elementor-lightbox-title=\"2\" data-e-action-hash=\"#elementor-action%3Aaction%3Dlightbox%26settings%3DeyJpZCI6NDc2NSwidXJsIjoiaHR0cHM6XC9cL3lrYmRlbW8uY29tLnRyXC9mb3JrbGlmdFwvd3AtY29udGVudFwvdXBsb2Fkc1wvMjAyNFwvMDNcLzItMi5qcGVnIiwic2xpZGVzaG93IjoiNjM1ZmFjOTMifQ%3D%3D\" href='https:\/\/ykbdemo.com.tr\/forklift\/wp-content\/uploads\/2024\/03\/2-2.jpeg'><img decoding=\"async\" width=\"600\" height=\"680\" src=\"https:\/\/ykbdemo.com.tr\/forklift\/wp-content\/uploads\/2024\/03\/2-2-600x680.jpeg\" class=\"attachment-onum-slide-portfolio-thumbnail-2 size-onum-slide-portfolio-thumbnail-2\" alt=\"\" \/><\/a>\n\t\t\t<\/div><\/figure><figure class='gallery-item'>\n\t\t\t<div class='gallery-icon portrait'>\n\t\t\t\t<a data-elementor-open-lightbox=\"yes\" data-elementor-lightbox-slideshow=\"635fac93\" data-elementor-lightbox-title=\"3\" data-e-action-hash=\"#elementor-action%3Aaction%3Dlightbox%26settings%3DeyJpZCI6NDc2NiwidXJsIjoiaHR0cHM6XC9cL3lrYmRlbW8uY29tLnRyXC9mb3JrbGlmdFwvd3AtY29udGVudFwvdXBsb2Fkc1wvMjAyNFwvMDNcLzMtMi5qcGVnIiwic2xpZGVzaG93IjoiNjM1ZmFjOTMifQ%3D%3D\" href='https:\/\/ykbdemo.com.tr\/forklift\/wp-content\/uploads\/2024\/03\/3-2.jpeg'><img loading=\"lazy\" decoding=\"async\" width=\"600\" height=\"680\" src=\"https:\/\/ykbdemo.com.tr\/forklift\/wp-content\/uploads\/2024\/03\/3-2-600x680.jpeg\" class=\"attachment-onum-slide-portfolio-thumbnail-2 size-onum-slide-portfolio-thumbnail-2\" alt=\"\" \/><\/a>\n\t\t\t<\/div><\/figure><figure class='gallery-item'>\n\t\t\t<div class='gallery-icon landscape'>\n\t\t\t\t<a data-elementor-open-lightbox=\"yes\" data-elementor-lightbox-slideshow=\"635fac93\" data-elementor-lightbox-title=\"4\" data-e-action-hash=\"#elementor-action%3Aaction%3Dlightbox%26settings%3DeyJpZCI6NDc2NywidXJsIjoiaHR0cHM6XC9cL3lrYmRlbW8uY29tLnRyXC9mb3JrbGlmdFwvd3AtY29udGVudFwvdXBsb2Fkc1wvMjAyNFwvMDNcLzQtMy5qcGVnIiwic2xpZGVzaG93IjoiNjM1ZmFjOTMifQ%3D%3D\" href='https:\/\/ykbdemo.com.tr\/forklift\/wp-content\/uploads\/2024\/03\/4-3.jpeg'><img loading=\"lazy\" decoding=\"async\" width=\"600\" height=\"680\" src=\"https:\/\/ykbdemo.com.tr\/forklift\/wp-content\/uploads\/2024\/03\/4-3-600x680.jpeg\" class=\"attachment-onum-slide-portfolio-thumbnail-2 size-onum-slide-portfolio-thumbnail-2\" alt=\"\" \/><\/a>\n\t\t\t<\/div><\/figure><figure class='gallery-item'>\n\t\t\t<div class='gallery-icon portrait'>\n\t\t\t\t<a data-elementor-open-lightbox=\"yes\" data-elementor-lightbox-slideshow=\"635fac93\" data-elementor-lightbox-title=\"5\" data-e-action-hash=\"#elementor-action%3Aaction%3Dlightbox%26settings%3DeyJpZCI6NDc2OCwidXJsIjoiaHR0cHM6XC9cL3lrYmRlbW8uY29tLnRyXC9mb3JrbGlmdFwvd3AtY29udGVudFwvdXBsb2Fkc1wvMjAyNFwvMDNcLzUtMi5qcGVnIiwic2xpZGVzaG93IjoiNjM1ZmFjOTMifQ%3D%3D\" href='https:\/\/ykbdemo.com.tr\/forklift\/wp-content\/uploads\/2024\/03\/5-2.jpeg'><img loading=\"lazy\" decoding=\"async\" width=\"600\" height=\"680\" src=\"https:\/\/ykbdemo.com.tr\/forklift\/wp-content\/uploads\/2024\/03\/5-2-600x680.jpeg\" class=\"attachment-onum-slide-portfolio-thumbnail-2 size-onum-slide-portfolio-thumbnail-2\" alt=\"\" \/><\/a>\n\t\t\t<\/div><\/figure><figure class='gallery-item'>\n\t\t\t<div class='gallery-icon portrait'>\n\t\t\t\t<a data-elementor-open-lightbox=\"yes\" data-elementor-lightbox-slideshow=\"635fac93\" data-elementor-lightbox-title=\"6\" data-e-action-hash=\"#elementor-action%3Aaction%3Dlightbox%26settings%3DeyJpZCI6NDc2OSwidXJsIjoiaHR0cHM6XC9cL3lrYmRlbW8uY29tLnRyXC9mb3JrbGlmdFwvd3AtY29udGVudFwvdXBsb2Fkc1wvMjAyNFwvMDNcLzYtMi5qcGVnIiwic2xpZGVzaG93IjoiNjM1ZmFjOTMifQ%3D%3D\" href='https:\/\/ykbdemo.com.tr\/forklift\/wp-content\/uploads\/2024\/03\/6-2.jpeg'><img loading=\"lazy\" decoding=\"async\" width=\"600\" height=\"680\" src=\"https:\/\/ykbdemo.com.tr\/forklift\/wp-content\/uploads\/2024\/03\/6-2-600x680.jpeg\" class=\"attachment-onum-slide-portfolio-thumbnail-2 size-onum-slide-portfolio-thumbnail-2\" alt=\"\" \/><\/a>\n\t\t\t<\/div><\/figure><figure class='gallery-item'>\n\t\t\t<div class='gallery-icon portrait'>\n\t\t\t\t<a data-elementor-open-lightbox=\"yes\" data-elementor-lightbox-slideshow=\"635fac93\" data-elementor-lightbox-title=\"7\" data-e-action-hash=\"#elementor-action%3Aaction%3Dlightbox%26settings%3DeyJpZCI6NDc3MCwidXJsIjoiaHR0cHM6XC9cL3lrYmRlbW8uY29tLnRyXC9mb3JrbGlmdFwvd3AtY29udGVudFwvdXBsb2Fkc1wvMjAyNFwvMDNcLzctMS5qcGVnIiwic2xpZGVzaG93IjoiNjM1ZmFjOTMifQ%3D%3D\" href='https:\/\/ykbdemo.com.tr\/forklift\/wp-content\/uploads\/2024\/03\/7-1.jpeg'><img loading=\"lazy\" decoding=\"async\" width=\"600\" height=\"680\" src=\"https:\/\/ykbdemo.com.tr\/forklift\/wp-content\/uploads\/2024\/03\/7-1-600x680.jpeg\" class=\"attachment-onum-slide-portfolio-thumbnail-2 size-onum-slide-portfolio-thumbnail-2\" alt=\"\" \/><\/a>\n\t\t\t<\/div><\/figure><figure class='gallery-item'>\n\t\t\t<div class='gallery-icon landscape'>\n\t\t\t\t<a data-elementor-open-lightbox=\"yes\" data-elementor-lightbox-slideshow=\"635fac93\" data-elementor-lightbox-title=\"8\" data-e-action-hash=\"#elementor-action%3Aaction%3Dlightbox%26settings%3DeyJpZCI6NDc3MSwidXJsIjoiaHR0cHM6XC9cL3lrYmRlbW8uY29tLnRyXC9mb3JrbGlmdFwvd3AtY29udGVudFwvdXBsb2Fkc1wvMjAyNFwvMDNcLzgtMS5qcGVnIiwic2xpZGVzaG93IjoiNjM1ZmFjOTMifQ%3D%3D\" href='https:\/\/ykbdemo.com.tr\/forklift\/wp-content\/uploads\/2024\/03\/8-1.jpeg'><img loading=\"lazy\" decoding=\"async\" width=\"500\" height=\"500\" src=\"https:\/\/ykbdemo.com.tr\/forklift\/wp-content\/uploads\/2024\/03\/8-1.jpeg\" class=\"attachment-onum-slide-portfolio-thumbnail-2 size-onum-slide-portfolio-thumbnail-2\" alt=\"\" srcset=\"https:\/\/ykbdemo.com.tr\/forklift\/wp-content\/uploads\/2024\/03\/8-1.jpeg 500w, https:\/\/ykbdemo.com.tr\/forklift\/wp-content\/uploads\/2024\/03\/8-1-300x300.jpeg 300w, https:\/\/ykbdemo.com.tr\/forklift\/wp-content\/uploads\/2024\/03\/8-1-150x150.jpeg 150w\" sizes=\"(max-width: 500px) 100vw, 500px\" \/><\/a>\n\t\t\t<\/div><\/figure><figure class='gallery-item'>\n\t\t\t<div class='gallery-icon portrait'>\n\t\t\t\t<a data-elementor-open-lightbox=\"yes\" data-elementor-lightbox-slideshow=\"635fac93\" data-elementor-lightbox-title=\"9\" data-e-action-hash=\"#elementor-action%3Aaction%3Dlightbox%26settings%3DeyJpZCI6NDc3MiwidXJsIjoiaHR0cHM6XC9cL3lrYmRlbW8uY29tLnRyXC9mb3JrbGlmdFwvd3AtY29udGVudFwvdXBsb2Fkc1wvMjAyNFwvMDNcLzktMS5qcGVnIiwic2xpZGVzaG93IjoiNjM1ZmFjOTMifQ%3D%3D\" href='https:\/\/ykbdemo.com.tr\/forklift\/wp-content\/uploads\/2024\/03\/9-1.jpeg'><img loading=\"lazy\" decoding=\"async\" width=\"600\" height=\"680\" src=\"https:\/\/ykbdemo.com.tr\/forklift\/wp-content\/uploads\/2024\/03\/9-1-600x680.jpeg\" class=\"attachment-onum-slide-portfolio-thumbnail-2 size-onum-slide-portfolio-thumbnail-2\" alt=\"\" \/><\/a>\n\t\t\t<\/div><\/figure><figure class='gallery-item'>\n\t\t\t<div class='gallery-icon landscape'>\n\t\t\t\t<a data-elementor-open-lightbox=\"yes\" data-elementor-lightbox-slideshow=\"635fac93\" data-elementor-lightbox-title=\"10\" data-e-action-hash=\"#elementor-action%3Aaction%3Dlightbox%26settings%3DeyJpZCI6NDc3MywidXJsIjoiaHR0cHM6XC9cL3lrYmRlbW8uY29tLnRyXC9mb3JrbGlmdFwvd3AtY29udGVudFwvdXBsb2Fkc1wvMjAyNFwvMDNcLzEwLTEuanBnIiwic2xpZGVzaG93IjoiNjM1ZmFjOTMifQ%3D%3D\" href='https:\/\/ykbdemo.com.tr\/forklift\/wp-content\/uploads\/2024\/03\/10-1.jpg'><img loading=\"lazy\" decoding=\"async\" width=\"600\" height=\"680\" src=\"https:\/\/ykbdemo.com.tr\/forklift\/wp-content\/uploads\/2024\/03\/10-1-600x680.jpg\" class=\"attachment-onum-slide-portfolio-thumbnail-2 size-onum-slide-portfolio-thumbnail-2\" alt=\"\" \/><\/a>\n\t\t\t<\/div><\/figure><figure class='gallery-item'>\n\t\t\t<div class='gallery-icon landscape'>\n\t\t\t\t<a data-elementor-open-lightbox=\"yes\" data-elementor-lightbox-slideshow=\"635fac93\" data-elementor-lightbox-title=\"11\" data-e-action-hash=\"#elementor-action%3Aaction%3Dlightbox%26settings%3DeyJpZCI6NDc3NCwidXJsIjoiaHR0cHM6XC9cL3lrYmRlbW8uY29tLnRyXC9mb3JrbGlmdFwvd3AtY29udGVudFwvdXBsb2Fkc1wvMjAyNFwvMDNcLzExLTEuanBnIiwic2xpZGVzaG93IjoiNjM1ZmFjOTMifQ%3D%3D\" href='https:\/\/ykbdemo.com.tr\/forklift\/wp-content\/uploads\/2024\/03\/11-1.jpg'><img loading=\"lazy\" decoding=\"async\" width=\"600\" height=\"680\" src=\"https:\/\/ykbdemo.com.tr\/forklift\/wp-content\/uploads\/2024\/03\/11-1-600x680.jpg\" class=\"attachment-onum-slide-portfolio-thumbnail-2 size-onum-slide-portfolio-thumbnail-2\" alt=\"\" \/><\/a>\n\t\t\t<\/div><\/figure><figure class='gallery-item'>\n\t\t\t<div class='gallery-icon portrait'>\n\t\t\t\t<a data-elementor-open-lightbox=\"yes\" data-elementor-lightbox-slideshow=\"635fac93\" data-elementor-lightbox-title=\"12\" data-e-action-hash=\"#elementor-action%3Aaction%3Dlightbox%26settings%3DeyJpZCI6NDc3NSwidXJsIjoiaHR0cHM6XC9cL3lrYmRlbW8uY29tLnRyXC9mb3JrbGlmdFwvd3AtY29udGVudFwvdXBsb2Fkc1wvMjAyNFwvMDNcLzEyLTEuanBlZyIsInNsaWRlc2hvdyI6IjYzNWZhYzkzIn0%3D\" href='https:\/\/ykbdemo.com.tr\/forklift\/wp-content\/uploads\/2024\/03\/12-1.jpeg'><img loading=\"lazy\" decoding=\"async\" width=\"600\" height=\"680\" src=\"https:\/\/ykbdemo.com.tr\/forklift\/wp-content\/uploads\/2024\/03\/12-1-600x680.jpeg\" class=\"attachment-onum-slide-portfolio-thumbnail-2 size-onum-slide-portfolio-thumbnail-2\" alt=\"\" \/><\/a>\n\t\t\t<\/div><\/figure><figure class='gallery-item'>\n\t\t\t<div class='gallery-icon portrait'>\n\t\t\t\t<a data-elementor-open-lightbox=\"yes\" data-elementor-lightbox-slideshow=\"635fac93\" data-elementor-lightbox-title=\"13\" data-e-action-hash=\"#elementor-action%3Aaction%3Dlightbox%26settings%3DeyJpZCI6NDc3NiwidXJsIjoiaHR0cHM6XC9cL3lrYmRlbW8uY29tLnRyXC9mb3JrbGlmdFwvd3AtY29udGVudFwvdXBsb2Fkc1wvMjAyNFwvMDNcLzEzLTEuanBlZyIsInNsaWRlc2hvdyI6IjYzNWZhYzkzIn0%3D\" href='https:\/\/ykbdemo.com.tr\/forklift\/wp-content\/uploads\/2024\/03\/13-1.jpeg'><img loading=\"lazy\" decoding=\"async\" width=\"600\" height=\"680\" src=\"https:\/\/ykbdemo.com.tr\/forklift\/wp-content\/uploads\/2024\/03\/13-1-600x680.jpeg\" class=\"attachment-onum-slide-portfolio-thumbnail-2 size-onum-slide-portfolio-thumbnail-2\" alt=\"\" \/><\/a>\n\t\t\t<\/div><\/figure><figure class='gallery-item'>\n\t\t\t<div class='gallery-icon portrait'>\n\t\t\t\t<a data-elementor-open-lightbox=\"yes\" data-elementor-lightbox-slideshow=\"635fac93\" data-elementor-lightbox-title=\"14\" data-e-action-hash=\"#elementor-action%3Aaction%3Dlightbox%26settings%3DeyJpZCI6NDc3NywidXJsIjoiaHR0cHM6XC9cL3lrYmRlbW8uY29tLnRyXC9mb3JrbGlmdFwvd3AtY29udGVudFwvdXBsb2Fkc1wvMjAyNFwvMDNcLzE0LTEuanBlZyIsInNsaWRlc2hvdyI6IjYzNWZhYzkzIn0%3D\" href='https:\/\/ykbdemo.com.tr\/forklift\/wp-content\/uploads\/2024\/03\/14-1.jpeg'><img loading=\"lazy\" decoding=\"async\" width=\"600\" height=\"680\" src=\"https:\/\/ykbdemo.com.tr\/forklift\/wp-content\/uploads\/2024\/03\/14-1-600x680.jpeg\" class=\"attachment-onum-slide-portfolio-thumbnail-2 size-onum-slide-portfolio-thumbnail-2\" alt=\"\" \/><\/a>\n\t\t\t<\/div><\/figure><figure class='gallery-item'>\n\t\t\t<div class='gallery-icon portrait'>\n\t\t\t\t<a data-elementor-open-lightbox=\"yes\" data-elementor-lightbox-slideshow=\"635fac93\" data-elementor-lightbox-title=\"15\" data-e-action-hash=\"#elementor-action%3Aaction%3Dlightbox%26settings%3DeyJpZCI6NDc3OCwidXJsIjoiaHR0cHM6XC9cL3lrYmRlbW8uY29tLnRyXC9mb3JrbGlmdFwvd3AtY29udGVudFwvdXBsb2Fkc1wvMjAyNFwvMDNcLzE1LTEuanBlZyIsInNsaWRlc2hvdyI6IjYzNWZhYzkzIn0%3D\" href='https:\/\/ykbdemo.com.tr\/forklift\/wp-content\/uploads\/2024\/03\/15-1.jpeg'><img loading=\"lazy\" decoding=\"async\" width=\"600\" height=\"680\" src=\"https:\/\/ykbdemo.com.tr\/forklift\/wp-content\/uploads\/2024\/03\/15-1-600x680.jpeg\" class=\"attachment-onum-slide-portfolio-thumbnail-2 size-onum-slide-portfolio-thumbnail-2\" alt=\"\" \/><\/a>\n\t\t\t<\/div><\/figure><figure class='gallery-item'>\n\t\t\t<div class='gallery-icon landscape'>\n\t\t\t\t<a data-elementor-open-lightbox=\"yes\" data-elementor-lightbox-slideshow=\"635fac93\" data-elementor-lightbox-title=\"16\" data-e-action-hash=\"#elementor-action%3Aaction%3Dlightbox%26settings%3DeyJpZCI6NDc3OSwidXJsIjoiaHR0cHM6XC9cL3lrYmRlbW8uY29tLnRyXC9mb3JrbGlmdFwvd3AtY29udGVudFwvdXBsb2Fkc1wvMjAyNFwvMDNcLzE2LTEuanBnIiwic2xpZGVzaG93IjoiNjM1ZmFjOTMifQ%3D%3D\" href='https:\/\/ykbdemo.com.tr\/forklift\/wp-content\/uploads\/2024\/03\/16-1.jpg'><img loading=\"lazy\" decoding=\"async\" width=\"600\" height=\"680\" src=\"https:\/\/ykbdemo.com.tr\/forklift\/wp-content\/uploads\/2024\/03\/16-1-600x680.jpg\" class=\"attachment-onum-slide-portfolio-thumbnail-2 size-onum-slide-portfolio-thumbnail-2\" alt=\"\" \/><\/a>\n\t\t\t<\/div><\/figure><figure class='gallery-item'>\n\t\t\t<div class='gallery-icon portrait'>\n\t\t\t\t<a data-elementor-open-lightbox=\"yes\" data-elementor-lightbox-slideshow=\"635fac93\" data-elementor-lightbox-title=\"17\" data-e-action-hash=\"#elementor-action%3Aaction%3Dlightbox%26settings%3DeyJpZCI6NDc4MCwidXJsIjoiaHR0cHM6XC9cL3lrYmRlbW8uY29tLnRyXC9mb3JrbGlmdFwvd3AtY29udGVudFwvdXBsb2Fkc1wvMjAyNFwvMDNcLzE3LTEuanBlZyIsInNsaWRlc2hvdyI6IjYzNWZhYzkzIn0%3D\" href='https:\/\/ykbdemo.com.tr\/forklift\/wp-content\/uploads\/2024\/03\/17-1.jpeg'><img loading=\"lazy\" decoding=\"async\" width=\"600\" height=\"680\" src=\"https:\/\/ykbdemo.com.tr\/forklift\/wp-content\/uploads\/2024\/03\/17-1-600x680.jpeg\" class=\"attachment-onum-slide-portfolio-thumbnail-2 size-onum-slide-portfolio-thumbnail-2\" alt=\"\" \/><\/a>\n\t\t\t<\/div><\/figure><figure class='gallery-item'>\n\t\t\t<div class='gallery-icon portrait'>\n\t\t\t\t<a data-elementor-open-lightbox=\"yes\" data-elementor-lightbox-slideshow=\"635fac93\" data-elementor-lightbox-title=\"18\" data-e-action-hash=\"#elementor-action%3Aaction%3Dlightbox%26settings%3DeyJpZCI6NDc4MSwidXJsIjoiaHR0cHM6XC9cL3lrYmRlbW8uY29tLnRyXC9mb3JrbGlmdFwvd3AtY29udGVudFwvdXBsb2Fkc1wvMjAyNFwvMDNcLzE4LTEuanBlZyIsInNsaWRlc2hvdyI6IjYzNWZhYzkzIn0%3D\" href='https:\/\/ykbdemo.com.tr\/forklift\/wp-content\/uploads\/2024\/03\/18-1.jpeg'><img loading=\"lazy\" decoding=\"async\" width=\"600\" height=\"680\" src=\"https:\/\/ykbdemo.com.tr\/forklift\/wp-content\/uploads\/2024\/03\/18-1-600x680.jpeg\" class=\"attachment-onum-slide-portfolio-thumbnail-2 size-onum-slide-portfolio-thumbnail-2\" alt=\"\" \/><\/a>\n\t\t\t<\/div><\/figure><figure class='gallery-item'>\n\t\t\t<div class='gallery-icon portrait'>\n\t\t\t\t<a data-elementor-open-lightbox=\"yes\" data-elementor-lightbox-slideshow=\"635fac93\" data-elementor-lightbox-title=\"19\" data-e-action-hash=\"#elementor-action%3Aaction%3Dlightbox%26settings%3DeyJpZCI6NDc4MiwidXJsIjoiaHR0cHM6XC9cL3lrYmRlbW8uY29tLnRyXC9mb3JrbGlmdFwvd3AtY29udGVudFwvdXBsb2Fkc1wvMjAyNFwvMDNcLzE5LTEuanBlZyIsInNsaWRlc2hvdyI6IjYzNWZhYzkzIn0%3D\" href='https:\/\/ykbdemo.com.tr\/forklift\/wp-content\/uploads\/2024\/03\/19-1.jpeg'><img loading=\"lazy\" decoding=\"async\" width=\"600\" height=\"680\" src=\"https:\/\/ykbdemo.com.tr\/forklift\/wp-content\/uploads\/2024\/03\/19-1-600x680.jpeg\" class=\"attachment-onum-slide-portfolio-thumbnail-2 size-onum-slide-portfolio-thumbnail-2\" alt=\"\" \/><\/a>\n\t\t\t<\/div><\/figure>\n\t\t<\/div>\n\t\t<\/div>\n\t\t\t\t<\/div>\n\t\t\t\t<\/div>\n\t\t\t\t\t<\/div>\n\t\t<\/div>\n\t\t\t\t\t<\/div>\n\t\t<\/section>\n\t\t\t\t<\/div>\n\t\t","protected":false},"excerpt":{"rendered":"<p>Ceylan Forklift &#038; Platform &#038; Vin\u00e7 Platform Kiralama MAKASLI PLATFORM MENL\u0130F K\u0130RALAMA \/\u00a0EKLEML\u0130 PLATFORM AHTAPOT K\u0130RALAMA PERSONEL Y\u00dcKSELT\u0130C\u0130 PLATFORM2023VE 2024 MODEL MAK\u0130NALAR \u0130LE EN HIZLI VE G\u00dcVENL\u0130 H\u0130ZMETANINDA SERV\u0130S H\u0130ZMET\u01303 ADET OTO KURTARICI \u0130LE HERYERE NAKL\u0130YES\u0130\u00a0<\/p>\n","protected":false},"author":1,"featured_media":0,"parent":2593,"menu_order":0,"comment_status":"closed","ping_status":"closed","template":"","meta":{"_joinchat":[],"footnotes":""},"class_list":["post-4661","page","type-page","status-publish","hentry"],"_links":{"self":[{"href":"https:\/\/ykbdemo.com.tr\/forklift\/wp-json\/wp\/v2\/pages\/4661","targetHints":{"allow":["GET"]}}],"collection":[{"href":"https:\/\/ykbdemo.com.tr\/forklift\/wp-json\/wp\/v2\/pages"}],"about":[{"href":"https:\/\/ykbdemo.com.tr\/forklift\/wp-json\/wp\/v2\/types\/page"}],"author":[{"embeddable":true,"href":"https:\/\/ykbdemo.com.tr\/forklift\/wp-json\/wp\/v2\/users\/1"}],"replies":[{"embeddable":true,"href":"https:\/\/ykbdemo.com.tr\/forklift\/wp-json\/wp\/v2\/comments?post=4661"}],"version-history":[{"count":7,"href":"https:\/\/ykbdemo.com.tr\/forklift\/wp-json\/wp\/v2\/pages\/4661\/revisions"}],"predecessor-version":[{"id":5266,"href":"https:\/\/ykbdemo.com.tr\/forklift\/wp-json\/wp\/v2\/pages\/4661\/revisions\/5266"}],"up":[{"embeddable":true,"href":"https:\/\/ykbdemo.com.tr\/forklift\/wp-json\/wp\/v2\/pages\/2593"}],"wp:attachment":[{"href":"https:\/\/ykbdemo.com.tr\/forklift\/wp-json\/wp\/v2\/media?parent=4661"}],"curies":[{"name":"wp","href":"https:\/\/api.w.org\/{rel}","templated":true}]}}