{"id":2593,"date":"2020-03-06T03:59:22","date_gmt":"2020-03-06T03:59:22","guid":{"rendered":"http:\/\/wpdemo.archiwp.com\/onum\/?page_id=2593"},"modified":"2024-05-02T16:35:53","modified_gmt":"2024-05-02T13:35:53","slug":"hizmetlerimiz","status":"publish","type":"page","link":"https:\/\/ykbdemo.com.tr\/forklift\/hizmetlerimiz\/","title":{"rendered":"Hizmetlerimiz"},"content":{"rendered":"\t\t<div data-elementor-type=\"wp-page\" data-elementor-id=\"2593\" class=\"elementor elementor-2593\">\n\t\t\t\t\t\t<section class=\"elementor-section elementor-top-section elementor-element elementor-element-60697bd elementor-section-content-middle elementor-section-boxed elementor-section-height-default elementor-section-height-default\" data-id=\"60697bd\" data-element_type=\"section\">\n\t\t\t\t\t\t<div class=\"elementor-container elementor-column-gap-default\">\n\t\t\t\t\t<div class=\"elementor-column elementor-col-25 elementor-top-column elementor-element elementor-element-f18d9cf ot-flex-column-vertical\" data-id=\"f18d9cf\" data-element_type=\"column\">\n\t\t\t<div class=\"elementor-widget-wrap elementor-element-populated\">\n\t\t\t\t\t\t<div class=\"elementor-element elementor-element-3336747 elementor-widget elementor-widget-image\" data-id=\"3336747\" data-element_type=\"widget\" data-widget_type=\"image.default\">\n\t\t\t\t<div class=\"elementor-widget-container\">\n\t\t\t<style>\/*! elementor - v3.21.0 - 15-04-2024 *\/\n.elementor-widget-image{text-align:center}.elementor-widget-image a{display:inline-block}.elementor-widget-image a img[src$=\".svg\"]{width:48px}.elementor-widget-image img{vertical-align:middle;display:inline-block}<\/style>\t\t\t\t\t\t\t\t\t\t\t<a href=\"https:\/\/ykbdemo.com.tr\/forklift\/hizmetlerimiz\/forklift-kiralama\/\">\n\t\t\t\t\t\t\t<img fetchpriority=\"high\" decoding=\"async\" width=\"1250\" height=\"750\" src=\"https:\/\/ykbdemo.com.tr\/forklift\/wp-content\/uploads\/2024\/04\/forkliftkiralama-1.jpg\" class=\"attachment-full size-full wp-image-4999\" alt=\"\" srcset=\"https:\/\/ykbdemo.com.tr\/forklift\/wp-content\/uploads\/2024\/04\/forkliftkiralama-1.jpg 1250w, https:\/\/ykbdemo.com.tr\/forklift\/wp-content\/uploads\/2024\/04\/forkliftkiralama-1-300x180.jpg 300w, https:\/\/ykbdemo.com.tr\/forklift\/wp-content\/uploads\/2024\/04\/forkliftkiralama-1-1024x614.jpg 1024w, https:\/\/ykbdemo.com.tr\/forklift\/wp-content\/uploads\/2024\/04\/forkliftkiralama-1-768x461.jpg 768w\" sizes=\"(max-width: 1250px) 100vw, 1250px\" \/>\t\t\t\t\t\t\t\t<\/a>\n\t\t\t\t\t\t\t\t\t\t\t\t\t<\/div>\n\t\t\t\t<\/div>\n\t\t\t\t<div class=\"elementor-element elementor-element-d41d411 elementor-widget elementor-widget-iheading\" data-id=\"d41d411\" data-element_type=\"widget\" data-widget_type=\"iheading.default\">\n\t\t\t\t<div class=\"elementor-widget-container\">\n\t\t\t\t\t<div class=\"ot-heading center-align\">\r\n\t\t\t\r\n\t\t\t\t\r\n\r\n\t         \r\n\r\n\t        \t        \t<h2 class=\"main-heading\">Forklift Kiralama<\/h2>\r\n\t        \t    <\/div>\r\n\t    \t\t<\/div>\n\t\t\t\t<\/div>\n\t\t\t\t<div class=\"elementor-element elementor-element-590af2d elementor-align-center elementor-widget elementor-widget-ibutton\" data-id=\"590af2d\" data-element_type=\"widget\" data-widget_type=\"ibutton.default\">\n\t\t\t\t<div class=\"elementor-widget-container\">\n\t\t\t\t\t<div class=\"ot-button\">\r\n\t\t\t<a href=\"https:\/\/ykbdemo.com.tr\/forklift\/hizmetlerimiz\/forklift-kiralama\/\" class=\"octf-btn octf-btn-secondary octf-btn-icon\"><span>Detaylar <i class=\"flaticon-right-arrow-1\"><\/i><\/span> \r\n\t\t\t\t\t\t\t<\/a>\r\n\t    <\/div>\r\n\t    \t\t<\/div>\n\t\t\t\t<\/div>\n\t\t\t\t\t<\/div>\n\t\t<\/div>\n\t\t\t\t<div class=\"elementor-column elementor-col-25 elementor-top-column elementor-element elementor-element-305bc7b ot-flex-column-vertical\" data-id=\"305bc7b\" data-element_type=\"column\">\n\t\t\t<div class=\"elementor-widget-wrap elementor-element-populated\">\n\t\t\t\t\t\t<div class=\"elementor-element elementor-element-672926c elementor-widget elementor-widget-image\" data-id=\"672926c\" data-element_type=\"widget\" data-widget_type=\"image.default\">\n\t\t\t\t<div class=\"elementor-widget-container\">\n\t\t\t\t\t\t\t\t\t\t\t\t\t\t<a href=\"https:\/\/ykbdemo.com.tr\/forklift\/hizmetlerimiz\/vinc-kiralama\/\">\n\t\t\t\t\t\t\t<img decoding=\"async\" width=\"1250\" height=\"750\" src=\"https:\/\/ykbdemo.com.tr\/forklift\/wp-content\/uploads\/2024\/05\/Vinc1-1.jpg\" class=\"attachment-full size-full wp-image-5283\" alt=\"\" srcset=\"https:\/\/ykbdemo.com.tr\/forklift\/wp-content\/uploads\/2024\/05\/Vinc1-1.jpg 1250w, https:\/\/ykbdemo.com.tr\/forklift\/wp-content\/uploads\/2024\/05\/Vinc1-1-300x180.jpg 300w, https:\/\/ykbdemo.com.tr\/forklift\/wp-content\/uploads\/2024\/05\/Vinc1-1-1024x614.jpg 1024w, https:\/\/ykbdemo.com.tr\/forklift\/wp-content\/uploads\/2024\/05\/Vinc1-1-768x461.jpg 768w\" sizes=\"(max-width: 1250px) 100vw, 1250px\" \/>\t\t\t\t\t\t\t\t<\/a>\n\t\t\t\t\t\t\t\t\t\t\t\t\t<\/div>\n\t\t\t\t<\/div>\n\t\t\t\t<div class=\"elementor-element elementor-element-159f588 elementor-widget elementor-widget-iheading\" data-id=\"159f588\" data-element_type=\"widget\" data-widget_type=\"iheading.default\">\n\t\t\t\t<div class=\"elementor-widget-container\">\n\t\t\t\t\t<div class=\"ot-heading center-align\">\r\n\t\t\t\r\n\t\t\t\t\r\n\r\n\t         \r\n\r\n\t        \t        \t<h2 class=\"main-heading\">Vin\u00e7 Kiralama<\/h2>\r\n\t        \t    <\/div>\r\n\t    \t\t<\/div>\n\t\t\t\t<\/div>\n\t\t\t\t<div class=\"elementor-element elementor-element-d92ed55 elementor-align-center elementor-widget elementor-widget-ibutton\" data-id=\"d92ed55\" data-element_type=\"widget\" data-widget_type=\"ibutton.default\">\n\t\t\t\t<div class=\"elementor-widget-container\">\n\t\t\t\t\t<div class=\"ot-button\">\r\n\t\t\t<a href=\"https:\/\/ykbdemo.com.tr\/forklift\/hizmetlerimiz\/vinc-kiralama\/\" class=\"octf-btn octf-btn-secondary octf-btn-icon\"><span>Detaylar <i class=\"flaticon-right-arrow-1\"><\/i><\/span> \r\n\t\t\t\t\t\t\t<\/a>\r\n\t    <\/div>\r\n\t    \t\t<\/div>\n\t\t\t\t<\/div>\n\t\t\t\t\t<\/div>\n\t\t<\/div>\n\t\t\t\t<div class=\"elementor-column elementor-col-25 elementor-top-column elementor-element elementor-element-7577b7e ot-flex-column-vertical\" data-id=\"7577b7e\" data-element_type=\"column\">\n\t\t\t<div class=\"elementor-widget-wrap elementor-element-populated\">\n\t\t\t\t\t\t<div class=\"elementor-element elementor-element-588450a elementor-widget elementor-widget-image\" data-id=\"588450a\" data-element_type=\"widget\" data-widget_type=\"image.default\">\n\t\t\t\t<div class=\"elementor-widget-container\">\n\t\t\t\t\t\t\t\t\t\t\t\t\t\t<a href=\"https:\/\/ykbdemo.com.tr\/forklift\/hizmetlerimiz\/platform-kiralama\/\">\n\t\t\t\t\t\t\t<img decoding=\"async\" width=\"1250\" height=\"750\" src=\"https:\/\/ykbdemo.com.tr\/forklift\/wp-content\/uploads\/2024\/03\/platformv2.jpg\" class=\"attachment-full size-full wp-image-4801\" alt=\"\" srcset=\"https:\/\/ykbdemo.com.tr\/forklift\/wp-content\/uploads\/2024\/03\/platformv2.jpg 1250w, https:\/\/ykbdemo.com.tr\/forklift\/wp-content\/uploads\/2024\/03\/platformv2-300x180.jpg 300w, https:\/\/ykbdemo.com.tr\/forklift\/wp-content\/uploads\/2024\/03\/platformv2-1024x614.jpg 1024w, https:\/\/ykbdemo.com.tr\/forklift\/wp-content\/uploads\/2024\/03\/platformv2-768x461.jpg 768w\" sizes=\"(max-width: 1250px) 100vw, 1250px\" \/>\t\t\t\t\t\t\t\t<\/a>\n\t\t\t\t\t\t\t\t\t\t\t\t\t<\/div>\n\t\t\t\t<\/div>\n\t\t\t\t<div class=\"elementor-element elementor-element-6883728 elementor-widget elementor-widget-iheading\" data-id=\"6883728\" data-element_type=\"widget\" data-widget_type=\"iheading.default\">\n\t\t\t\t<div class=\"elementor-widget-container\">\n\t\t\t\t\t<div class=\"ot-heading center-align\">\r\n\t\t\t\r\n\t\t\t\t\r\n\r\n\t         \r\n\r\n\t        \t        \t<h2 class=\"main-heading\">Platform Kiralama<\/h2>\r\n\t        \t    <\/div>\r\n\t    \t\t<\/div>\n\t\t\t\t<\/div>\n\t\t\t\t<div class=\"elementor-element elementor-element-dcec53d elementor-align-center elementor-widget elementor-widget-ibutton\" data-id=\"dcec53d\" data-element_type=\"widget\" data-widget_type=\"ibutton.default\">\n\t\t\t\t<div class=\"elementor-widget-container\">\n\t\t\t\t\t<div class=\"ot-button\">\r\n\t\t\t<a href=\"https:\/\/ykbdemo.com.tr\/forklift\/hizmetlerimiz\/platform-kiralama\/\" class=\"octf-btn octf-btn-secondary octf-btn-icon\"><span>Detaylar <i class=\"flaticon-right-arrow-1\"><\/i><\/span> \r\n\t\t\t\t\t\t\t<\/a>\r\n\t    <\/div>\r\n\t    \t\t<\/div>\n\t\t\t\t<\/div>\n\t\t\t\t\t<\/div>\n\t\t<\/div>\n\t\t\t\t<div class=\"elementor-column elementor-col-25 elementor-top-column elementor-element elementor-element-e415ed8 ot-flex-column-vertical\" data-id=\"e415ed8\" data-element_type=\"column\">\n\t\t\t<div class=\"elementor-widget-wrap elementor-element-populated\">\n\t\t\t\t\t\t<div class=\"elementor-element elementor-element-6f7a8ba elementor-widget elementor-widget-image\" data-id=\"6f7a8ba\" data-element_type=\"widget\" data-widget_type=\"image.default\">\n\t\t\t\t<div class=\"elementor-widget-container\">\n\t\t\t\t\t\t\t\t\t\t\t\t\t\t<a href=\"https:\/\/ykbdemo.com.tr\/forklift\/hizmetlerimiz\/platform-kiralama\/\">\n\t\t\t\t\t\t\t<img loading=\"lazy\" decoding=\"async\" width=\"1250\" height=\"750\" src=\"https:\/\/ykbdemo.com.tr\/forklift\/wp-content\/uploads\/2024\/05\/otokurtarma.jpg\" class=\"attachment-full size-full wp-image-5278\" alt=\"\" srcset=\"https:\/\/ykbdemo.com.tr\/forklift\/wp-content\/uploads\/2024\/05\/otokurtarma.jpg 1250w, https:\/\/ykbdemo.com.tr\/forklift\/wp-content\/uploads\/2024\/05\/otokurtarma-300x180.jpg 300w, https:\/\/ykbdemo.com.tr\/forklift\/wp-content\/uploads\/2024\/05\/otokurtarma-1024x614.jpg 1024w, https:\/\/ykbdemo.com.tr\/forklift\/wp-content\/uploads\/2024\/05\/otokurtarma-768x461.jpg 768w\" sizes=\"(max-width: 1250px) 100vw, 1250px\" \/>\t\t\t\t\t\t\t\t<\/a>\n\t\t\t\t\t\t\t\t\t\t\t\t\t<\/div>\n\t\t\t\t<\/div>\n\t\t\t\t<div class=\"elementor-element elementor-element-8a2c200 elementor-widget elementor-widget-iheading\" data-id=\"8a2c200\" data-element_type=\"widget\" data-widget_type=\"iheading.default\">\n\t\t\t\t<div class=\"elementor-widget-container\">\n\t\t\t\t\t<div class=\"ot-heading center-align\">\r\n\t\t\t\r\n\t\t\t\t\r\n\r\n\t         \r\n\r\n\t        \t        \t<h2 class=\"main-heading\">A\u011f\u0131r Vas\u0131ta Oto Kurtar\u0131c\u0131<\/h2>\r\n\t        \t    <\/div>\r\n\t    \t\t<\/div>\n\t\t\t\t<\/div>\n\t\t\t\t<div class=\"elementor-element elementor-element-9544b4e elementor-align-center elementor-widget elementor-widget-ibutton\" data-id=\"9544b4e\" data-element_type=\"widget\" data-widget_type=\"ibutton.default\">\n\t\t\t\t<div class=\"elementor-widget-container\">\n\t\t\t\t\t<div class=\"ot-button\">\r\n\t\t\t<a href=\"https:\/\/ykbdemo.com.tr\/forklift\/oto-kurtarma\/\" class=\"octf-btn octf-btn-secondary octf-btn-icon\"><span>Detaylar <i class=\"flaticon-right-arrow-1\"><\/i><\/span> \r\n\t\t\t\t\t\t\t<\/a>\r\n\t    <\/div>\r\n\t    \t\t<\/div>\n\t\t\t\t<\/div>\n\t\t\t\t\t<\/div>\n\t\t<\/div>\n\t\t\t\t\t<\/div>\n\t\t<\/section>\n\t\t\t\t<\/div>\n\t\t","protected":false},"excerpt":{"rendered":"<p>Forklift Kiralama Detaylar Vin\u00e7 Kiralama Detaylar Platform Kiralama Detaylar A\u011f\u0131r Vas\u0131ta Oto Kurtar\u0131c\u0131 Detaylar<\/p>\n","protected":false},"author":1,"featured_media":0,"parent":0,"menu_order":0,"comment_status":"closed","ping_status":"closed","template":"","meta":{"_joinchat":[],"footnotes":""},"class_list":["post-2593","page","type-page","status-publish","hentry"],"_links":{"self":[{"href":"https:\/\/ykbdemo.com.tr\/forklift\/wp-json\/wp\/v2\/pages\/2593","targetHints":{"allow":["GET"]}}],"collection":[{"href":"https:\/\/ykbdemo.com.tr\/forklift\/wp-json\/wp\/v2\/pages"}],"about":[{"href":"https:\/\/ykbdemo.com.tr\/forklift\/wp-json\/wp\/v2\/types\/page"}],"author":[{"embeddable":true,"href":"https:\/\/ykbdemo.com.tr\/forklift\/wp-json\/wp\/v2\/users\/1"}],"replies":[{"embeddable":true,"href":"https:\/\/ykbdemo.com.tr\/forklift\/wp-json\/wp\/v2\/comments?post=2593"}],"version-history":[{"count":25,"href":"https:\/\/ykbdemo.com.tr\/forklift\/wp-json\/wp\/v2\/pages\/2593\/revisions"}],"predecessor-version":[{"id":5296,"href":"https:\/\/ykbdemo.com.tr\/forklift\/wp-json\/wp\/v2\/pages\/2593\/revisions\/5296"}],"wp:attachment":[{"href":"https:\/\/ykbdemo.com.tr\/forklift\/wp-json\/wp\/v2\/media?parent=2593"}],"curies":[{"name":"wp","href":"https:\/\/api.w.org\/{rel}","templated":true}]}}