{"id":109,"date":"2019-10-03T08:54:20","date_gmt":"2019-10-03T08:54:20","guid":{"rendered":"http:\/\/wpdemo.archiwp.com\/onum\/?page_id=109"},"modified":"2024-05-02T13:37:22","modified_gmt":"2024-05-02T10:37:22","slug":"iletisim","status":"publish","type":"page","link":"https:\/\/ykbdemo.com.tr\/forklift\/iletisim\/","title":{"rendered":"\u0130leti\u015fim"},"content":{"rendered":"\t\t<div data-elementor-type=\"wp-page\" data-elementor-id=\"109\" class=\"elementor elementor-109\">\n\t\t\t\t\t\t<section class=\"elementor-section elementor-top-section elementor-element elementor-element-5816b60 elementor-section-content-middle elementor-section-boxed elementor-section-height-default elementor-section-height-default\" data-id=\"5816b60\" data-element_type=\"section\">\n\t\t\t\t\t\t<div class=\"elementor-container elementor-column-gap-extended\">\n\t\t\t\t\t<div class=\"elementor-column elementor-col-50 elementor-top-column elementor-element elementor-element-322fec3 ot-flex-column-vertical\" data-id=\"322fec3\" data-element_type=\"column\">\n\t\t\t<div class=\"elementor-widget-wrap elementor-element-populated\">\n\t\t\t\t\t\t<section class=\"elementor-section elementor-inner-section elementor-element elementor-element-1e9a80d elementor-section-full_width elementor-section-height-default elementor-section-height-default\" data-id=\"1e9a80d\" data-element_type=\"section\" data-settings=\"{&quot;background_background&quot;:&quot;gradient&quot;}\">\n\t\t\t\t\t\t<div class=\"elementor-container elementor-column-gap-no\">\n\t\t\t\t\t<div class=\"elementor-column elementor-col-100 elementor-inner-column elementor-element elementor-element-c73e8ee ot-flex-column-vertical\" data-id=\"c73e8ee\" data-element_type=\"column\">\n\t\t\t<div class=\"elementor-widget-wrap elementor-element-populated\">\n\t\t\t\t\t\t<div class=\"elementor-element elementor-element-658a175 elementor-widget elementor-widget-iheading\" data-id=\"658a175\" data-element_type=\"widget\" data-widget_type=\"iheading.default\">\n\t\t\t\t<div class=\"elementor-widget-container\">\n\t\t\t\t\t<div class=\"ot-heading left-align text-light\">\r\n\t\t\t\r\n\t\t\t\t\r\n\r\n\t        \t            <h6 class=\"sub-heading\"><span>Ceylan Forklift & Platform & Vin\u00e7<\/span><\/h6>\r\n\t         \r\n\r\n\t        \t        \t<h2 class=\"main-heading\">\u0130leti\u015fim Bilgilerimiz<\/h2>\r\n\t        \t    <\/div>\r\n\t    \t\t<\/div>\n\t\t\t\t<\/div>\n\t\t\t\t<div class=\"elementor-element elementor-element-dba913e elementor-widget elementor-widget-text-editor\" data-id=\"dba913e\" data-element_type=\"widget\" data-widget_type=\"text-editor.default\">\n\t\t\t\t<div class=\"elementor-widget-container\">\n\t\t\t<style>\/*! elementor - v3.21.0 - 15-04-2024 *\/\n.elementor-widget-text-editor.elementor-drop-cap-view-stacked .elementor-drop-cap{background-color:#69727d;color:#fff}.elementor-widget-text-editor.elementor-drop-cap-view-framed .elementor-drop-cap{color:#69727d;border:3px solid;background-color:transparent}.elementor-widget-text-editor:not(.elementor-drop-cap-view-default) .elementor-drop-cap{margin-top:8px}.elementor-widget-text-editor:not(.elementor-drop-cap-view-default) .elementor-drop-cap-letter{width:1em;height:1em}.elementor-widget-text-editor .elementor-drop-cap{float:left;text-align:center;line-height:1;font-size:50px}.elementor-widget-text-editor .elementor-drop-cap-letter{display:inline-block}<\/style>\t\t\t\t<p>T\u00fcm sorular\u0131n\u0131z i\u00e7in her zaman bize ula\u015fabilirsiniz.<\/p>\t\t\t\t\t\t<\/div>\n\t\t\t\t<\/div>\n\t\t\t\t<div class=\"elementor-element elementor-element-4407c6c elementor-widget__width-initial elementor-widget elementor-widget-icontact_info\" data-id=\"4407c6c\" data-element_type=\"widget\" data-widget_type=\"icontact_info.default\">\n\t\t\t\t<div class=\"elementor-widget-container\">\n\t\t\t\t\t\t\t\t    \t<div class=\"contact-info text-light\">\r\n\t\t    \t\t\r\n\t\t\t\t    \t\t\t        <i class=\"flaticon-world\"><\/i>\t\t\t        <div class=\"info-text\">\r\n\t\t\t        \t<h6>Adres:<\/h6>\r\n\t\t\t        \t<p>A\u011fa\u00e7i\u015fleri 25.cad No 79 Ambar Melikgazi Kayseri <br>\nA\u011fa\u00e7i\u015fleri 32.cad No 1-2 Ambar Melikgazi Kayseri<\/p>\r\n\t\t\t        <\/div>\r\n\t\t\t    <\/div>\r\n\t\t    \t    \t\t<\/div>\n\t\t\t\t<\/div>\n\t\t\t\t<div class=\"elementor-element elementor-element-05f299e elementor-widget__width-initial elementor-widget elementor-widget-icontact_info\" data-id=\"05f299e\" data-element_type=\"widget\" data-widget_type=\"icontact_info.default\">\n\t\t\t\t<div class=\"elementor-widget-container\">\n\t\t\t\t\t\t\t\t    \t<div class=\"contact-info text-light\">\r\n\t\t    \t\t\r\n\t\t\t\t    \t\t\t        <i class=\"flaticon-note\"><\/i>\t\t\t        <div class=\"info-text\">\r\n\t\t\t        \t<h6>E-Posta:<\/h6>\r\n\t\t\t        \t<p>info@ceylanforklift.com<\/p>\r\n\t\t\t        <\/div>\r\n\t\t\t    <\/div>\r\n\t\t    \t    \t\t<\/div>\n\t\t\t\t<\/div>\n\t\t\t\t<div class=\"elementor-element elementor-element-22856f4 elementor-widget__width-initial elementor-widget elementor-widget-icontact_info\" data-id=\"22856f4\" data-element_type=\"widget\" data-widget_type=\"icontact_info.default\">\n\t\t\t\t<div class=\"elementor-widget-container\">\n\t\t\t\t\t\t\t\t    \t<div class=\"contact-info text-light\">\r\n\t\t    \t\t\r\n\t\t\t\t    \t\t\t        <i class=\"flaticon-viber\"><\/i>\t\t\t        <div class=\"info-text\">\r\n\t\t\t        \t<h6>Telefonlar\u0131m\u0131z:<\/h6>\r\n\t\t\t        \t<p>+90 505 531 51 44 (Vin\u00e7)<\/br>\n+90 505 354 94 82 (Forklift ve Platform)<\/br>\n+90 352 311 47 75 (Muhasebe)<\/p>\r\n\t\t\t        <\/div>\r\n\t\t\t    <\/div>\r\n\t\t    \t    \t\t<\/div>\n\t\t\t\t<\/div>\n\t\t\t\t\t<\/div>\n\t\t<\/div>\n\t\t\t\t\t<\/div>\n\t\t<\/section>\n\t\t\t\t\t<\/div>\n\t\t<\/div>\n\t\t\t\t<div class=\"elementor-column elementor-col-50 elementor-top-column elementor-element elementor-element-2a7f668 ot-flex-column-vertical\" data-id=\"2a7f668\" data-element_type=\"column\">\n\t\t\t<div class=\"elementor-widget-wrap elementor-element-populated\">\n\t\t\t\t\t\t<div class=\"elementor-element elementor-element-a558ced elementor-widget elementor-widget-iheading\" data-id=\"a558ced\" data-element_type=\"widget\" data-widget_type=\"iheading.default\">\n\t\t\t\t<div class=\"elementor-widget-container\">\n\t\t\t\t\t<div class=\"ot-heading left-align\">\r\n\t\t\t\r\n\t\t\t\t\r\n\r\n\t         \r\n\r\n\t        \t        \t<h2 class=\"main-heading\">Bize Yaz\u0131n<\/h2>\r\n\t        \t    <\/div>\r\n\t    \t\t<\/div>\n\t\t\t\t<\/div>\n\t\t\t\t<div class=\"elementor-element elementor-element-ce8ae36 elementor-widget elementor-widget-onum-contact-form-7\" data-id=\"ce8ae36\" data-element_type=\"widget\" data-widget_type=\"onum-contact-form-7.default\">\n\t\t\t\t<div class=\"elementor-widget-container\">\n\t\t\t<div class=\"elementor-shortcode onum-cf7-0\">\n<div class=\"wpcf7 no-js\" id=\"wpcf7-f111-o1\" lang=\"en-US\" dir=\"ltr\">\n<div class=\"screen-reader-response\"><p role=\"status\" aria-live=\"polite\" aria-atomic=\"true\"><\/p> <ul><\/ul><\/div>\n<form action=\"\/forklift\/wp-json\/wp\/v2\/pages\/109#wpcf7-f111-o1\" method=\"post\" class=\"wpcf7-form init\" aria-label=\"Contact form\" novalidate=\"novalidate\" data-status=\"init\">\n<div style=\"display: none;\">\n<input type=\"hidden\" name=\"_wpcf7\" value=\"111\" \/>\n<input type=\"hidden\" name=\"_wpcf7_version\" value=\"5.9.3\" \/>\n<input type=\"hidden\" name=\"_wpcf7_locale\" value=\"en_US\" \/>\n<input type=\"hidden\" name=\"_wpcf7_unit_tag\" value=\"wpcf7-f111-o1\" \/>\n<input type=\"hidden\" name=\"_wpcf7_container_post\" value=\"0\" \/>\n<input type=\"hidden\" name=\"_wpcf7_posted_data_hash\" value=\"\" \/>\n<\/div>\n<p><span class=\"wpcf7-form-control-wrap\" data-name=\"your-name\"><input size=\"40\" class=\"wpcf7-form-control wpcf7-text wpcf7-validates-as-required\" aria-required=\"true\" aria-invalid=\"false\" placeholder=\"Ad &amp; Soyad *\" value=\"\" type=\"text\" name=\"your-name\" \/><\/span>\n<\/p>\n<p><span class=\"wpcf7-form-control-wrap\" data-name=\"your-email\"><input size=\"40\" class=\"wpcf7-form-control wpcf7-email wpcf7-validates-as-required wpcf7-text wpcf7-validates-as-email\" aria-required=\"true\" aria-invalid=\"false\" placeholder=\"E-Posta Adresiniz *\" value=\"\" type=\"email\" name=\"your-email\" \/><\/span>\n<\/p>\n<p><span class=\"wpcf7-form-control-wrap\" data-name=\"your-tel\"><input size=\"40\" class=\"wpcf7-form-control wpcf7-tel wpcf7-validates-as-required wpcf7-text wpcf7-validates-as-tel\" aria-required=\"true\" aria-invalid=\"false\" placeholder=\"Telefon Numaran\u0131z *\" value=\"\" type=\"tel\" name=\"your-tel\" \/><\/span>\n<\/p>\n<p><span class=\"wpcf7-form-control-wrap\" data-name=\"your-message\"><textarea cols=\"40\" rows=\"10\" class=\"wpcf7-form-control wpcf7-textarea\" aria-invalid=\"false\" placeholder=\"Mesaj\u0131n\u0131z...\" name=\"your-message\"><\/textarea><\/span>\n<\/p>\n<p><button type=\"submit\" class=\"wpcf7-submit octf-btn octf-btn-primary octf-btn-icon\">G\u00f6nder <i class=\"flaticon-right-arrow-1\"><\/i><\/button>\n<\/p><div class=\"wpcf7-response-output\" aria-hidden=\"true\"><\/div>\n<\/form>\n<\/div>\n<\/div>\t\t<\/div>\n\t\t\t\t<\/div>\n\t\t\t\t\t<\/div>\n\t\t<\/div>\n\t\t\t\t\t<\/div>\n\t\t<\/section>\n\t\t\t\t<section class=\"elementor-section elementor-top-section elementor-element elementor-element-6432f78 elementor-section-full_width elementor-section-height-default elementor-section-height-default\" data-id=\"6432f78\" data-element_type=\"section\">\n\t\t\t\t\t\t<div class=\"elementor-container elementor-column-gap-no\">\n\t\t\t\t\t<div class=\"elementor-column elementor-col-100 elementor-top-column elementor-element elementor-element-10b4dec ot-flex-column-vertical\" data-id=\"10b4dec\" data-element_type=\"column\">\n\t\t\t<div class=\"elementor-widget-wrap elementor-element-populated\">\n\t\t\t\t\t\t<div class=\"elementor-element elementor-element-e0a4057 elementor-widget elementor-widget-html\" data-id=\"e0a4057\" data-element_type=\"widget\" data-widget_type=\"html.default\">\n\t\t\t\t<div class=\"elementor-widget-container\">\n\t\t\t<iframe src=\"https:\/\/www.google.com\/maps\/embed?pb=!1m18!1m12!1m3!1d932243.32246129!2d33.93470112856443!3d38.97886747108416!2m3!1f0!2f0!3f0!3m2!1i1024!2i768!4f13.1!3m3!1m2!1s0x152b121e06673185%3A0xa16cd175fc7a2427!2sCeylan%20Forklift%20Vin%C3%A7%20Platform%20otokurtar%C4%B1c%C4%B1%20Kiralama%20Ltd.%C5%9Eti%20_Kayseri%20Forklift%20Kiralama!5e0!3m2!1str!2str!4v1711570055923!5m2!1str!2str\" width=\"100%\" height=\"450\" style=\"border:0;\" allowfullscreen=\"\" loading=\"lazy\" referrerpolicy=\"no-referrer-when-downgrade\"><\/iframe>\t\t<\/div>\n\t\t\t\t<\/div>\n\t\t\t\t\t<\/div>\n\t\t<\/div>\n\t\t\t\t\t<\/div>\n\t\t<\/section>\n\t\t\t\t<\/div>\n\t\t","protected":false},"excerpt":{"rendered":"<p>Ceylan Forklift &#038; Platform &#038; Vin\u00e7 \u0130leti\u015fim Bilgilerimiz T\u00fcm sorular\u0131n\u0131z i\u00e7in her zaman bize ula\u015fabilirsiniz. Adres: A\u011fa\u00e7i\u015fleri 25.cad No 79 Ambar Melikgazi Kayseri A\u011fa\u00e7i\u015fleri 32.cad No 1-2 Ambar Melikgazi Kayseri E-Posta: info@ceylanforklift.com Telefonlar\u0131m\u0131z: +90 505 531 51 44 (Vin\u00e7) +90 505 354 94 82 (Forklift ve Platform) +90 352 311 47 75 (Muhasebe) Bize Yaz\u0131n [&hellip;]<\/p>\n","protected":false},"author":1,"featured_media":0,"parent":0,"menu_order":0,"comment_status":"closed","ping_status":"closed","template":"","meta":{"_joinchat":[],"footnotes":""},"class_list":["post-109","page","type-page","status-publish","hentry"],"_links":{"self":[{"href":"https:\/\/ykbdemo.com.tr\/forklift\/wp-json\/wp\/v2\/pages\/109","targetHints":{"allow":["GET"]}}],"collection":[{"href":"https:\/\/ykbdemo.com.tr\/forklift\/wp-json\/wp\/v2\/pages"}],"about":[{"href":"https:\/\/ykbdemo.com.tr\/forklift\/wp-json\/wp\/v2\/types\/page"}],"author":[{"embeddable":true,"href":"https:\/\/ykbdemo.com.tr\/forklift\/wp-json\/wp\/v2\/users\/1"}],"replies":[{"embeddable":true,"href":"https:\/\/ykbdemo.com.tr\/forklift\/wp-json\/wp\/v2\/comments?post=109"}],"version-history":[{"count":22,"href":"https:\/\/ykbdemo.com.tr\/forklift\/wp-json\/wp\/v2\/pages\/109\/revisions"}],"predecessor-version":[{"id":5183,"href":"https:\/\/ykbdemo.com.tr\/forklift\/wp-json\/wp\/v2\/pages\/109\/revisions\/5183"}],"wp:attachment":[{"href":"https:\/\/ykbdemo.com.tr\/forklift\/wp-json\/wp\/v2\/media?parent=109"}],"curies":[{"name":"wp","href":"https:\/\/api.w.org\/{rel}","templated":true}]}}